{"id":751,"date":"2022-03-25T14:07:19","date_gmt":"2022-03-25T14:07:19","guid":{"rendered":"http:\/\/kunstimaltenweingut.de\/?page_id=751"},"modified":"2024-03-08T09:47:58","modified_gmt":"2024-03-08T08:47:58","slug":"sammlung","status":"publish","type":"page","link":"https:\/\/kunstimaltenweingut.de\/en\/sammlung\/","title":{"rendered":"Collection"},"content":{"rendered":"\t\t<div data-elementor-type=\"wp-page\" data-elementor-id=\"751\" class=\"elementor elementor-751\" data-elementor-post-type=\"page\">\n\t\t\t\t\t\t<section class=\"elementor-section elementor-top-section elementor-element elementor-element-6356d442 elementor-section-full_width elementor-section-stretched elementor-section-height-default elementor-section-height-default\" data-id=\"6356d442\" data-element_type=\"section\" data-e-type=\"section\" data-settings=\"{&quot;stretch_section&quot;:&quot;section-stretched&quot;}\">\n\t\t\t\t\t\t<div class=\"elementor-container elementor-column-gap-extended\">\n\t\t\t\t\t<div class=\"elementor-column elementor-col-100 elementor-top-column elementor-element elementor-element-4cab51e3 sc_inner_width_none sc_content_align_inherit sc_layouts_column_icons_position_left\" data-id=\"4cab51e3\" data-element_type=\"column\" data-e-type=\"column\" data-settings=\"{&quot;background_background&quot;:&quot;classic&quot;}\">\n\t\t\t<div class=\"elementor-widget-wrap elementor-element-populated\">\n\t\t\t\t\t\t<div class=\"elementor-element elementor-element-1c758e40 animation_type_block sc_fly_static elementor-widget elementor-widget-spacer\" data-id=\"1c758e40\" data-element_type=\"widget\" data-e-type=\"widget\" data-widget_type=\"spacer.default\">\n\t\t\t\t<div class=\"elementor-widget-container\">\n\t\t\t\t\t\t\t<div class=\"elementor-spacer\">\n\t\t\t<div class=\"elementor-spacer-inner\"><\/div>\n\t\t<\/div>\n\t\t\t\t\t\t<\/div>\n\t\t\t\t<\/div>\n\t\t\t\t<div class=\"elementor-element elementor-element-2cc02f1c animation_type_block sc_fly_static elementor-widget elementor-widget-spacer\" data-id=\"2cc02f1c\" data-element_type=\"widget\" data-e-type=\"widget\" data-widget_type=\"spacer.default\">\n\t\t\t\t<div class=\"elementor-widget-container\">\n\t\t\t\t\t\t\t<div class=\"elementor-spacer\">\n\t\t\t<div class=\"elementor-spacer-inner\"><\/div>\n\t\t<\/div>\n\t\t\t\t\t\t<\/div>\n\t\t\t\t<\/div>\n\t\t\t\t\t<\/div>\n\t\t<\/div>\n\t\t\t\t\t<\/div>\n\t\t<\/section>\n\t\t\t\t<section class=\"elementor-section elementor-top-section elementor-element elementor-element-454c62dc elementor-section-boxed elementor-section-height-default elementor-section-height-default\" data-id=\"454c62dc\" data-element_type=\"section\" data-e-type=\"section\">\n\t\t\t\t\t\t<div class=\"elementor-container elementor-column-gap-extended\">\n\t\t\t\t\t<div class=\"elementor-column elementor-col-100 elementor-top-column elementor-element elementor-element-3dde7027 sc_inner_width_none sc_content_align_inherit sc_layouts_column_icons_position_left\" data-id=\"3dde7027\" data-element_type=\"column\" data-e-type=\"column\">\n\t\t\t<div class=\"elementor-widget-wrap elementor-element-populated\">\n\t\t\t\t\t\t<div class=\"elementor-element elementor-element-6f13506 animation_type_block sc_fly_static elementor-widget elementor-widget-spacer\" data-id=\"6f13506\" data-element_type=\"widget\" data-e-type=\"widget\" data-widget_type=\"spacer.default\">\n\t\t\t\t<div class=\"elementor-widget-container\">\n\t\t\t\t\t\t\t<div class=\"elementor-spacer\">\n\t\t\t<div class=\"elementor-spacer-inner\"><\/div>\n\t\t<\/div>\n\t\t\t\t\t\t<\/div>\n\t\t\t\t<\/div>\n\t\t\t\t<div class=\"elementor-element elementor-element-5fec8b7 animated-slow animation_type_block sc_fly_static elementor-invisible elementor-widget elementor-widget-heading\" data-id=\"5fec8b7\" data-element_type=\"widget\" data-e-type=\"widget\" data-settings=\"{&quot;_animation&quot;:&quot;fadeInDown&quot;}\" data-widget_type=\"heading.default\">\n\t\t\t\t<div class=\"elementor-widget-container\">\n\t\t\t\t\t<h2 class=\"elementor-heading-title elementor-size-default\">Sammlung<\/h2>\t\t\t\t<\/div>\n\t\t\t\t<\/div>\n\t\t\t\t<div class=\"elementor-element elementor-element-703a239 animation_type_block sc_fly_static elementor-widget elementor-widget-spacer\" data-id=\"703a239\" data-element_type=\"widget\" data-e-type=\"widget\" data-widget_type=\"spacer.default\">\n\t\t\t\t<div class=\"elementor-widget-container\">\n\t\t\t\t\t\t\t<div class=\"elementor-spacer\">\n\t\t\t<div class=\"elementor-spacer-inner\"><\/div>\n\t\t<\/div>\n\t\t\t\t\t\t<\/div>\n\t\t\t\t<\/div>\n\t\t\t\t<div class=\"elementor-element elementor-element-660d12d animation_type_block sc_fly_static elementor-widget elementor-widget-text-editor\" data-id=\"660d12d\" data-element_type=\"widget\" data-e-type=\"widget\" data-widget_type=\"text-editor.default\">\n\t\t\t\t<div class=\"elementor-widget-container\">\n\t\t\t\t\t\t\t\t\t<p>Den Ausspruch \u201ehier treffen Welten aufeinander\u201c darf man w\u00f6rtlich nehmen. Es ist ein Geschenk f\u00fcr Auge und Seele, was Heidrun und Dirk Gem\u00fcnden an Sch\u00f6nheiten hier zusammengetragen haben. Eine Sammlung quer durch die Vielfalt der Kunst in der Welt.<\/p>\t\t\t\t\t\t\t\t<\/div>\n\t\t\t\t<\/div>\n\t\t\t\t<div class=\"elementor-element elementor-element-1a120e3 animation_type_block sc_fly_static elementor-widget elementor-widget-text-editor\" data-id=\"1a120e3\" data-element_type=\"widget\" data-e-type=\"widget\" data-widget_type=\"text-editor.default\">\n\t\t\t\t<div class=\"elementor-widget-container\">\n\t\t\t\t\t\t\t\t\t<div id=\"elementor-tab-content-1301\" class=\"elementor-tab-content elementor-clearfix elementor-active\" role=\"region\" data-tab=\"1\" aria-labelledby=\"elementor-tab-title-1301\"><p>Hier sind zwei am Werk, die voller Neugier die Welt bereisen. Ein Leben lang fasziniert von fernen L\u00e4ndern und fremden Kulturen. Das Stifterpaar sammelt Au\u00dfergew\u00f6hnliches, Sch\u00f6nes und Wertvolles, das zum Staunen und Erkunden einl\u00e4dt.<\/p><p>Die Kunst aus verschiedenen Kulturen und Epochen in einer Sammlung schafft ein Miteinander, das sich gegenseitig befruchtet. Das hier Gezeigte versteht sich gut mit den alten Mauern des Weingutes. Schwellenangst, wie man sie von den Tempeln der internationalen Kunstwelt kennt, kommt in privater Atmosph\u00e4re erst gar nicht auf. Jeder kann auf seine Art mit Kunst in Ber\u00fchrung kommen.<\/p><p>Sch\u00f6nheit, Vielfalt und Humor sind allgegenw\u00e4rtig. Vom Weinkeller bis unter die D\u00e4cher des alten Anwesens und auch in der \u201eKuhkapelle\u201c, wo die frech-frivolen Figuren zweier Sonnenanbeter in Gegenwart der Collage der Bisch\u00f6fe stehen, mit dem Titel \u201eGott sieht alles\u201c. Aber sehen Sie selbst.<\/p><\/div>\t\t\t\t\t\t\t\t<\/div>\n\t\t\t\t<\/div>\n\t\t\t\t<div class=\"elementor-element elementor-element-360828a animation_type_block sc_fly_static elementor-widget elementor-widget-spacer\" data-id=\"360828a\" data-element_type=\"widget\" data-e-type=\"widget\" data-widget_type=\"spacer.default\">\n\t\t\t\t<div class=\"elementor-widget-container\">\n\t\t\t\t\t\t\t<div class=\"elementor-spacer\">\n\t\t\t<div class=\"elementor-spacer-inner\"><\/div>\n\t\t<\/div>\n\t\t\t\t\t\t<\/div>\n\t\t\t\t<\/div>\n\t\t\t\t\t<\/div>\n\t\t<\/div>\n\t\t\t\t\t<\/div>\n\t\t<\/section>\n\t\t\t\t<section class=\"elementor-section elementor-top-section elementor-element elementor-element-c595815 elementor-section-boxed elementor-section-height-default elementor-section-height-default\" data-id=\"c595815\" data-element_type=\"section\" data-e-type=\"section\">\n\t\t\t\t\t\t<div class=\"elementor-container elementor-column-gap-extended\">\n\t\t\t\t\t<div class=\"elementor-column elementor-col-100 elementor-top-column elementor-element elementor-element-3b695df sc_inner_width_none sc_content_align_inherit sc_layouts_column_icons_position_left\" data-id=\"3b695df\" data-element_type=\"column\" data-e-type=\"column\" data-settings=\"{&quot;background_background&quot;:&quot;slideshow&quot;,&quot;background_slideshow_gallery&quot;:[{&quot;id&quot;:757,&quot;url&quot;:&quot;https:\\\/\\\/kunstimaltenweingut.de\\\/wp-content\\\/uploads\\\/2022\\\/03\\\/MG_3076-scaled.jpg&quot;},{&quot;id&quot;:761,&quot;url&quot;:&quot;https:\\\/\\\/kunstimaltenweingut.de\\\/wp-content\\\/uploads\\\/2022\\\/03\\\/MG_3021-scaled.jpg&quot;},{&quot;id&quot;:766,&quot;url&quot;:&quot;https:\\\/\\\/kunstimaltenweingut.de\\\/wp-content\\\/uploads\\\/2022\\\/03\\\/MG_2975-scaled.jpg&quot;},{&quot;id&quot;:767,&quot;url&quot;:&quot;https:\\\/\\\/kunstimaltenweingut.de\\\/wp-content\\\/uploads\\\/2022\\\/03\\\/MG_2982-scaled.jpg&quot;},{&quot;id&quot;:768,&quot;url&quot;:&quot;https:\\\/\\\/kunstimaltenweingut.de\\\/wp-content\\\/uploads\\\/2022\\\/03\\\/MG_2967-scaled.jpg&quot;},{&quot;id&quot;:700,&quot;url&quot;:&quot;https:\\\/\\\/kunstimaltenweingut.de\\\/wp-content\\\/uploads\\\/2022\\\/03\\\/Bildschirmfoto-2022-03-25-um-13.58.56.png&quot;},{&quot;id&quot;:679,&quot;url&quot;:&quot;https:\\\/\\\/kunstimaltenweingut.de\\\/wp-content\\\/uploads\\\/2022\\\/03\\\/Bildschirmfoto-2022-03-25-um-13.58.37.png&quot;},{&quot;id&quot;:1977,&quot;url&quot;:&quot;https:\\\/\\\/kunstimaltenweingut.de\\\/wp-content\\\/uploads\\\/2022\\\/05\\\/MG_3005.jpg&quot;},{&quot;id&quot;:1975,&quot;url&quot;:&quot;https:\\\/\\\/kunstimaltenweingut.de\\\/wp-content\\\/uploads\\\/2022\\\/05\\\/MG_1329.jpg&quot;},{&quot;id&quot;:758,&quot;url&quot;:&quot;https:\\\/\\\/kunstimaltenweingut.de\\\/wp-content\\\/uploads\\\/2022\\\/03\\\/MG_3030-scaled.jpg&quot;}],&quot;background_slideshow_loop&quot;:&quot;yes&quot;,&quot;background_slideshow_slide_duration&quot;:5000,&quot;background_slideshow_slide_transition&quot;:&quot;fade&quot;,&quot;background_slideshow_transition_duration&quot;:500}\">\n\t\t\t<div class=\"elementor-widget-wrap elementor-element-populated\">\n\t\t\t\t\t\t<div class=\"elementor-element elementor-element-4b5c8cb animation_type_block sc_fly_static elementor-widget elementor-widget-spacer\" data-id=\"4b5c8cb\" data-element_type=\"widget\" data-e-type=\"widget\" data-widget_type=\"spacer.default\">\n\t\t\t\t<div class=\"elementor-widget-container\">\n\t\t\t\t\t\t\t<div class=\"elementor-spacer\">\n\t\t\t<div class=\"elementor-spacer-inner\"><\/div>\n\t\t<\/div>\n\t\t\t\t\t\t<\/div>\n\t\t\t\t<\/div>\n\t\t\t\t\t<\/div>\n\t\t<\/div>\n\t\t\t\t\t<\/div>\n\t\t<\/section>\n\t\t\t\t<section class=\"elementor-section elementor-top-section elementor-element elementor-element-375f78d elementor-section-boxed elementor-section-height-default elementor-section-height-default elementor-invisible\" data-id=\"375f78d\" data-element_type=\"section\" data-e-type=\"section\" data-settings=\"{&quot;animation&quot;:&quot;fadeIn&quot;,&quot;animation_delay&quot;:200}\">\n\t\t\t\t\t\t<div class=\"elementor-container elementor-column-gap-extended\">\n\t\t\t\t\t<div class=\"elementor-column elementor-col-100 elementor-top-column elementor-element elementor-element-ce9c58f sc_inner_width_none sc_content_align_inherit sc_layouts_column_icons_position_left\" data-id=\"ce9c58f\" data-element_type=\"column\" data-e-type=\"column\">\n\t\t\t<div class=\"elementor-widget-wrap elementor-element-populated\">\n\t\t\t\t\t\t<div class=\"elementor-element elementor-element-dc66640 animation_type_block sc_fly_static elementor-widget elementor-widget-spacer\" data-id=\"dc66640\" data-element_type=\"widget\" data-e-type=\"widget\" data-widget_type=\"spacer.default\">\n\t\t\t\t<div class=\"elementor-widget-container\">\n\t\t\t\t\t\t\t<div class=\"elementor-spacer\">\n\t\t\t<div class=\"elementor-spacer-inner\"><\/div>\n\t\t<\/div>\n\t\t\t\t\t\t<\/div>\n\t\t\t\t<\/div>\n\t\t\t\t<div class=\"elementor-element elementor-element-f7f05a0 animated-slow animation_type_block sc_fly_static elementor-invisible elementor-widget elementor-widget-heading\" data-id=\"f7f05a0\" data-element_type=\"widget\" data-e-type=\"widget\" data-settings=\"{&quot;_animation&quot;:&quot;fadeInDown&quot;}\" data-widget_type=\"heading.default\">\n\t\t\t\t<div class=\"elementor-widget-container\">\n\t\t\t\t\t<h2 class=\"elementor-heading-title elementor-size-default\">Kunst aus aller Welt <\/h2>\t\t\t\t<\/div>\n\t\t\t\t<\/div>\n\t\t\t\t<div class=\"elementor-element elementor-element-9e4593c animation_type_block sc_fly_static elementor-widget elementor-widget-text-editor\" data-id=\"9e4593c\" data-element_type=\"widget\" data-e-type=\"widget\" data-widget_type=\"text-editor.default\">\n\t\t\t\t<div class=\"elementor-widget-container\">\n\t\t\t\t\t\t\t\t\t<p>Zu besonderen Themen und ausgesuchten Exponaten der Sammlung k\u00f6nnen Sie hier N\u00e4heres erfahren:<\/p>\t\t\t\t\t\t\t\t<\/div>\n\t\t\t\t<\/div>\n\t\t\t\t\t<\/div>\n\t\t<\/div>\n\t\t\t\t\t<\/div>\n\t\t<\/section>\n\t\t\t\t<section class=\"elementor-section elementor-top-section elementor-element elementor-element-413b124 elementor-section-boxed elementor-section-height-default elementor-section-height-default\" data-id=\"413b124\" data-element_type=\"section\" data-e-type=\"section\" data-settings=\"{&quot;animation&quot;:&quot;none&quot;}\">\n\t\t\t\t\t\t<div class=\"elementor-container elementor-column-gap-wider\">\n\t\t\t\t\t<div class=\"elementor-column elementor-col-33 elementor-top-column elementor-element elementor-element-b17782f sc_inner_width_none sc_content_align_inherit sc_layouts_column_icons_position_left\" data-id=\"b17782f\" data-element_type=\"column\" data-e-type=\"column\" data-settings=\"{&quot;animation&quot;:&quot;none&quot;}\">\n\t\t\t<div class=\"elementor-widget-wrap elementor-element-populated\">\n\t\t\t\t\t\t<div class=\"elementor-element elementor-element-1151048 animated-slow animation_type_block sc_fly_static elementor-widget elementor-widget-image\" data-id=\"1151048\" data-element_type=\"widget\" data-e-type=\"widget\" data-settings=\"{&quot;_animation&quot;:&quot;none&quot;}\" data-widget_type=\"image.default\">\n\t\t\t\t<div class=\"elementor-widget-container\">\n\t\t\t\t\t\t\t\t\t\t\t\t<figure class=\"wp-caption\">\n\t\t\t\t\t\t\t\t\t\t\t<a href=\"https:\/\/kunstimaltenweingut.de\/de\/blog\/\">\n\t\t\t\t\t\t\t<img fetchpriority=\"high\" decoding=\"async\" width=\"1024\" height=\"768\" src=\"https:\/\/i0.wp.com\/kunstimaltenweingut.de\/wp-content\/uploads\/2022\/10\/IMG_2841.jpg?fit=1024%2C768&amp;ssl=1\" class=\"attachment-large size-large wp-image-3534\" alt=\"\" srcset=\"https:\/\/i0.wp.com\/kunstimaltenweingut.de\/wp-content\/uploads\/2022\/10\/IMG_2841.jpg?w=1024&amp;ssl=1 1024w, https:\/\/i0.wp.com\/kunstimaltenweingut.de\/wp-content\/uploads\/2022\/10\/IMG_2841.jpg?resize=300%2C225&amp;ssl=1 300w, https:\/\/i0.wp.com\/kunstimaltenweingut.de\/wp-content\/uploads\/2022\/10\/IMG_2841.jpg?resize=768%2C576&amp;ssl=1 768w, https:\/\/i0.wp.com\/kunstimaltenweingut.de\/wp-content\/uploads\/2022\/10\/IMG_2841.jpg?resize=16%2C12&amp;ssl=1 16w, https:\/\/i0.wp.com\/kunstimaltenweingut.de\/wp-content\/uploads\/2022\/10\/IMG_2841.jpg?resize=370%2C278&amp;ssl=1 370w, https:\/\/i0.wp.com\/kunstimaltenweingut.de\/wp-content\/uploads\/2022\/10\/IMG_2841.jpg?resize=770%2C578&amp;ssl=1 770w\" sizes=\"(max-width: 1024px) 100vw, 1024px\" \/>\t\t\t\t\t\t\t\t<\/a>\n\t\t\t\t\t\t\t\t\t\t\t<figcaption class=\"widget-image-caption wp-caption-text\">BLOG<\/figcaption>\n\t\t\t\t\t\t\t\t\t\t<\/figure>\n\t\t\t\t\t\t\t\t\t<\/div>\n\t\t\t\t<\/div>\n\t\t\t\t\t<\/div>\n\t\t<\/div>\n\t\t\t\t<div class=\"elementor-column elementor-col-33 elementor-top-column elementor-element elementor-element-e9eaec0 sc_inner_width_none sc_content_align_inherit sc_layouts_column_icons_position_left\" data-id=\"e9eaec0\" data-element_type=\"column\" data-e-type=\"column\" data-settings=\"{&quot;animation&quot;:&quot;none&quot;}\">\n\t\t\t<div class=\"elementor-widget-wrap elementor-element-populated\">\n\t\t\t\t\t\t<div class=\"elementor-element elementor-element-98ad621 animated-slow animation_type_block sc_fly_static elementor-widget elementor-widget-image\" data-id=\"98ad621\" data-element_type=\"widget\" data-e-type=\"widget\" data-settings=\"{&quot;_animation&quot;:&quot;none&quot;}\" data-widget_type=\"image.default\">\n\t\t\t\t<div class=\"elementor-widget-container\">\n\t\t\t\t\t\t\t\t\t\t\t\t<figure class=\"wp-caption\">\n\t\t\t\t\t\t\t\t\t\t\t<a href=\"https:\/\/kunstimaltenweingut.de\/de\/exponate-sammlung-obentraut\/\">\n\t\t\t\t\t\t\t<img decoding=\"async\" width=\"1024\" height=\"768\" src=\"https:\/\/i0.wp.com\/kunstimaltenweingut.de\/wp-content\/uploads\/2022\/10\/MG_2988-2.jpg?fit=1024%2C768&amp;ssl=1\" class=\"attachment-large size-large wp-image-3535\" alt=\"\" srcset=\"https:\/\/i0.wp.com\/kunstimaltenweingut.de\/wp-content\/uploads\/2022\/10\/MG_2988-2.jpg?w=1024&amp;ssl=1 1024w, https:\/\/i0.wp.com\/kunstimaltenweingut.de\/wp-content\/uploads\/2022\/10\/MG_2988-2.jpg?resize=300%2C225&amp;ssl=1 300w, https:\/\/i0.wp.com\/kunstimaltenweingut.de\/wp-content\/uploads\/2022\/10\/MG_2988-2.jpg?resize=768%2C576&amp;ssl=1 768w, https:\/\/i0.wp.com\/kunstimaltenweingut.de\/wp-content\/uploads\/2022\/10\/MG_2988-2.jpg?resize=16%2C12&amp;ssl=1 16w, https:\/\/i0.wp.com\/kunstimaltenweingut.de\/wp-content\/uploads\/2022\/10\/MG_2988-2.jpg?resize=370%2C278&amp;ssl=1 370w, https:\/\/i0.wp.com\/kunstimaltenweingut.de\/wp-content\/uploads\/2022\/10\/MG_2988-2.jpg?resize=770%2C578&amp;ssl=1 770w\" sizes=\"(max-width: 1024px) 100vw, 1024px\" \/>\t\t\t\t\t\t\t\t<\/a>\n\t\t\t\t\t\t\t\t\t\t\t<figcaption class=\"widget-image-caption wp-caption-text\">EXPONATE<\/figcaption>\n\t\t\t\t\t\t\t\t\t\t<\/figure>\n\t\t\t\t\t\t\t\t\t<\/div>\n\t\t\t\t<\/div>\n\t\t\t\t\t<\/div>\n\t\t<\/div>\n\t\t\t\t<div class=\"elementor-column elementor-col-33 elementor-top-column elementor-element elementor-element-baaad56 sc_inner_width_none sc_content_align_inherit sc_layouts_column_icons_position_left\" data-id=\"baaad56\" data-element_type=\"column\" data-e-type=\"column\" data-settings=\"{&quot;animation&quot;:&quot;none&quot;}\">\n\t\t\t<div class=\"elementor-widget-wrap elementor-element-populated\">\n\t\t\t\t\t\t<div class=\"elementor-element elementor-element-f16aed5 animated-slow animation_type_block sc_fly_static elementor-widget elementor-widget-image\" data-id=\"f16aed5\" data-element_type=\"widget\" data-e-type=\"widget\" data-settings=\"{&quot;_animation&quot;:&quot;none&quot;}\" data-widget_type=\"image.default\">\n\t\t\t\t<div class=\"elementor-widget-container\">\n\t\t\t\t\t\t\t\t\t\t\t\t<figure class=\"wp-caption\">\n\t\t\t\t\t\t\t\t\t\t\t<a href=\"https:\/\/kunstimaltenweingut.de\/mediathek\">\n\t\t\t\t\t\t\t<img decoding=\"async\" width=\"1024\" height=\"768\" src=\"https:\/\/i0.wp.com\/kunstimaltenweingut.de\/wp-content\/uploads\/2022\/10\/IMG_2869.jpg?fit=1024%2C768&amp;ssl=1\" class=\"attachment-large size-large wp-image-3536\" alt=\"\" srcset=\"https:\/\/i0.wp.com\/kunstimaltenweingut.de\/wp-content\/uploads\/2022\/10\/IMG_2869.jpg?w=1024&amp;ssl=1 1024w, https:\/\/i0.wp.com\/kunstimaltenweingut.de\/wp-content\/uploads\/2022\/10\/IMG_2869.jpg?resize=300%2C225&amp;ssl=1 300w, https:\/\/i0.wp.com\/kunstimaltenweingut.de\/wp-content\/uploads\/2022\/10\/IMG_2869.jpg?resize=768%2C576&amp;ssl=1 768w, https:\/\/i0.wp.com\/kunstimaltenweingut.de\/wp-content\/uploads\/2022\/10\/IMG_2869.jpg?resize=16%2C12&amp;ssl=1 16w, https:\/\/i0.wp.com\/kunstimaltenweingut.de\/wp-content\/uploads\/2022\/10\/IMG_2869.jpg?resize=370%2C278&amp;ssl=1 370w, https:\/\/i0.wp.com\/kunstimaltenweingut.de\/wp-content\/uploads\/2022\/10\/IMG_2869.jpg?resize=770%2C578&amp;ssl=1 770w\" sizes=\"(max-width: 1024px) 100vw, 1024px\" \/>\t\t\t\t\t\t\t\t<\/a>\n\t\t\t\t\t\t\t\t\t\t\t<figcaption class=\"widget-image-caption wp-caption-text\">VIDEOS<\/figcaption>\n\t\t\t\t\t\t\t\t\t\t<\/figure>\n\t\t\t\t\t\t\t\t\t<\/div>\n\t\t\t\t<\/div>\n\t\t\t\t\t<\/div>\n\t\t<\/div>\n\t\t\t\t\t<\/div>\n\t\t<\/section>\n\t\t\t\t<section class=\"elementor-section elementor-top-section elementor-element elementor-element-a4c237d elementor-section-boxed elementor-section-height-default elementor-section-height-default\" data-id=\"a4c237d\" data-element_type=\"section\" data-e-type=\"section\">\n\t\t\t\t\t\t<div class=\"elementor-container elementor-column-gap-extended\">\n\t\t\t\t\t<div class=\"elementor-column elementor-col-100 elementor-top-column elementor-element elementor-element-405aa43 sc_inner_width_none sc_content_align_inherit sc_layouts_column_icons_position_left\" data-id=\"405aa43\" data-element_type=\"column\" data-e-type=\"column\">\n\t\t\t<div class=\"elementor-widget-wrap elementor-element-populated\">\n\t\t\t\t\t\t<div class=\"elementor-element elementor-element-80e4f6e animation_type_block sc_fly_static elementor-widget elementor-widget-spacer\" data-id=\"80e4f6e\" data-element_type=\"widget\" data-e-type=\"widget\" data-widget_type=\"spacer.default\">\n\t\t\t\t<div class=\"elementor-widget-container\">\n\t\t\t\t\t\t\t<div class=\"elementor-spacer\">\n\t\t\t<div class=\"elementor-spacer-inner\"><\/div>\n\t\t<\/div>\n\t\t\t\t\t\t<\/div>\n\t\t\t\t<\/div>\n\t\t\t\t\t<\/div>\n\t\t<\/div>\n\t\t\t\t\t<\/div>\n\t\t<\/section>\n\t\t\t\t<section class=\"elementor-section elementor-top-section elementor-element elementor-element-977bb8c elementor-section-boxed elementor-section-height-default elementor-section-height-default\" data-id=\"977bb8c\" data-element_type=\"section\" data-e-type=\"section\">\n\t\t\t\t\t\t<div class=\"elementor-container elementor-column-gap-extended\">\n\t\t\t\t\t<div class=\"elementor-column elementor-col-100 elementor-top-column elementor-element elementor-element-944cff0 sc_inner_width_none sc_content_align_inherit sc_layouts_column_icons_position_left\" data-id=\"944cff0\" data-element_type=\"column\" data-e-type=\"column\">\n\t\t\t<div class=\"elementor-widget-wrap elementor-element-populated\">\n\t\t\t\t\t\t<div class=\"elementor-element elementor-element-f05fd2b animation_type_block sc_fly_static elementor-widget elementor-widget-trx_sc_title\" data-id=\"f05fd2b\" data-element_type=\"widget\" data-e-type=\"widget\" data-widget_type=\"trx_sc_title.default\">\n\t\t\t\t<div class=\"elementor-widget-container\">\n\t\t\t\t\t<div id=\"trx_sc_title_267161617\"\n\t\tclass=\"sc_title color_style_dark sc_title_decoration extra_vision\"><h5 class=\"sc_item_title sc_title_title sc_item_title_style_decoration sc_item_title_tag\"><span class=\"sc_item_title_text\">Planen Sie Ihren Besuch<\/span><\/h5><div id=\"sc_button_776996117\"\tclass=\"sc_item_button sc_button_wrap sc_item_button sc_item_button_simple sc_title_button\"><a href=\"https:\/\/kunstimaltenweingut.de\/kontakt\" class=\"sc_button sc_button_simple sc_button_size_normal sc_button_icon_left\"><span class=\"sc_button_text\"><span class=\"sc_button_title\">hier<\/span><\/span><!-- \/.sc_button_text --><\/a><!-- \/.sc_button --><\/div><!-- \/.sc_item_button --><\/div><!-- \/.sc_title -->\t\t\t\t<\/div>\n\t\t\t\t<\/div>\n\t\t\t\t<div class=\"elementor-element elementor-element-9ad85f7 animation_type_block sc_fly_static elementor-widget elementor-widget-spacer\" data-id=\"9ad85f7\" data-element_type=\"widget\" data-e-type=\"widget\" data-widget_type=\"spacer.default\">\n\t\t\t\t<div class=\"elementor-widget-container\">\n\t\t\t\t\t\t\t<div class=\"elementor-spacer\">\n\t\t\t<div class=\"elementor-spacer-inner\"><\/div>\n\t\t<\/div>\n\t\t\t\t\t\t<\/div>\n\t\t\t\t<\/div>\n\t\t\t\t\t<\/div>\n\t\t<\/div>\n\t\t\t\t\t<\/div>\n\t\t<\/section>\n\t\t\t\t<\/div>\n\t\t","protected":false},"excerpt":{"rendered":"<p>&hellip;<\/p>","protected":false},"author":2,"featured_media":0,"parent":0,"menu_order":0,"comment_status":"closed","ping_status":"closed","template":"","meta":{"_price":"","_stock":"","_tribe_ticket_header":"","_tribe_default_ticket_provider":"","_tribe_ticket_capacity":"0","_ticket_start_date":"","_ticket_end_date":"","_tribe_ticket_show_description":"","_tribe_ticket_show_not_going":false,"_tribe_ticket_use_global_stock":"","_tribe_ticket_global_stock_level":"","_global_stock_mode":"","_global_stock_cap":"","_tribe_rsvp_for_event":"","_tribe_ticket_going_count":"","_tribe_ticket_not_going_count":"","_tribe_tickets_list":"[]","_tribe_ticket_has_attendee_info_fields":false,"_FSMCFIC_featured_image_caption":"","_FSMCFIC_featured_image_nocaption":"","_FSMCFIC_featured_image_hide":"","footnotes":"","_tec_slr_enabled":"","_tec_slr_layout":""},"class_list":["post-751","page","type-page","status-publish","hentry"],"jetpack_sharing_enabled":true,"ticketed":false,"_links":{"self":[{"href":"https:\/\/kunstimaltenweingut.de\/en\/wp-json\/wp\/v2\/pages\/751","targetHints":{"allow":["GET"]}}],"collection":[{"href":"https:\/\/kunstimaltenweingut.de\/en\/wp-json\/wp\/v2\/pages"}],"about":[{"href":"https:\/\/kunstimaltenweingut.de\/en\/wp-json\/wp\/v2\/types\/page"}],"author":[{"embeddable":true,"href":"https:\/\/kunstimaltenweingut.de\/en\/wp-json\/wp\/v2\/users\/2"}],"replies":[{"embeddable":true,"href":"https:\/\/kunstimaltenweingut.de\/en\/wp-json\/wp\/v2\/comments?post=751"}],"version-history":[{"count":0,"href":"https:\/\/kunstimaltenweingut.de\/en\/wp-json\/wp\/v2\/pages\/751\/revisions"}],"wp:attachment":[{"href":"https:\/\/kunstimaltenweingut.de\/en\/wp-json\/wp\/v2\/media?parent=751"}],"curies":[{"name":"wp","href":"https:\/\/api.w.org\/{rel}","templated":true}]}}