{"id":153,"date":"2019-05-29T07:58:23","date_gmt":"2019-05-29T07:58:23","guid":{"rendered":"http:\/\/kunstimaltenweingut.de\/about-us\/"},"modified":"2024-03-09T14:27:43","modified_gmt":"2024-03-09T13:27:43","slug":"stiftung-gemunden-und-freunde","status":"publish","type":"page","link":"https:\/\/kunstimaltenweingut.de\/en\/stiftung-gemunden-und-freunde\/","title":{"rendered":"Foundation Gem\u00fcnden and Friends"},"content":{"rendered":"<div data-elementor-type=\"wp-post\" data-elementor-id=\"153\" class=\"elementor elementor-153\" data-elementor-post-type=\"page\">\n\t\t\t\t\t\t<section class=\"elementor-section elementor-top-section elementor-element elementor-element-2944943 elementor-section-full_width elementor-section-height-default elementor-section-height-default\" data-id=\"2944943\" data-element_type=\"section\" data-e-type=\"section\">\n\t\t\t\t\t\t<div class=\"elementor-container elementor-column-gap-extended\">\n\t\t\t\t\t<div class=\"elementor-column elementor-col-50 elementor-top-column elementor-element elementor-element-b017241 sc_inner_width_none sc_content_align_inherit sc_layouts_column_icons_position_left\" data-id=\"b017241\" data-element_type=\"column\" data-e-type=\"column\">\n\t\t\t<div class=\"elementor-widget-wrap elementor-element-populated\">\n\t\t\t\t\t\t<div class=\"elementor-element elementor-element-3089855 animation_type_block sc_fly_static elementor-widget elementor-widget-spacer\" data-id=\"3089855\" data-element_type=\"widget\" data-e-type=\"widget\" data-widget_type=\"spacer.default\">\n\t\t\t\t<div class=\"elementor-widget-container\">\n\t\t\t\t\t\t\t<div class=\"elementor-spacer\">\n\t\t\t<div class=\"elementor-spacer-inner\"><\/div>\n\t\t<\/div>\n\t\t\t\t\t\t<\/div>\n\t\t\t\t<\/div>\n\t\t\t\t<div class=\"elementor-element elementor-element-114fb58 animation_type_block sc_fly_static elementor-widget elementor-widget-spacer\" data-id=\"114fb58\" data-element_type=\"widget\" data-e-type=\"widget\" data-widget_type=\"spacer.default\">\n\t\t\t\t<div class=\"elementor-widget-container\">\n\t\t\t\t\t\t\t<div class=\"elementor-spacer\">\n\t\t\t<div class=\"elementor-spacer-inner\"><\/div>\n\t\t<\/div>\n\t\t\t\t\t\t<\/div>\n\t\t\t\t<\/div>\n\t\t\t\t<div class=\"elementor-element elementor-element-c69487b animation_type_block sc_fly_static elementor-widget elementor-widget-image\" data-id=\"c69487b\" data-element_type=\"widget\" data-e-type=\"widget\" data-widget_type=\"image.default\">\n\t\t\t\t<div class=\"elementor-widget-container\">\n\t\t\t\t\t\t\t\t\t\t\t\t\t\t\t<img fetchpriority=\"high\" decoding=\"async\" width=\"1024\" height=\"683\" src=\"https:\/\/i0.wp.com\/kunstimaltenweingut.de\/wp-content\/uploads\/2022\/03\/raws_4437-Kopie-scaled.jpg?fit=1024%2C683&amp;ssl=1\" class=\"attachment-large size-large wp-image-596\" alt=\"\" srcset=\"https:\/\/i0.wp.com\/kunstimaltenweingut.de\/wp-content\/uploads\/2022\/03\/raws_4437-Kopie-scaled.jpg?w=2560&amp;ssl=1 2560w, https:\/\/i0.wp.com\/kunstimaltenweingut.de\/wp-content\/uploads\/2022\/03\/raws_4437-Kopie-scaled.jpg?resize=300%2C200&amp;ssl=1 300w, https:\/\/i0.wp.com\/kunstimaltenweingut.de\/wp-content\/uploads\/2022\/03\/raws_4437-Kopie-scaled.jpg?resize=1024%2C683&amp;ssl=1 1024w, https:\/\/i0.wp.com\/kunstimaltenweingut.de\/wp-content\/uploads\/2022\/03\/raws_4437-Kopie-scaled.jpg?resize=768%2C512&amp;ssl=1 768w, https:\/\/i0.wp.com\/kunstimaltenweingut.de\/wp-content\/uploads\/2022\/03\/raws_4437-Kopie-scaled.jpg?resize=1536%2C1024&amp;ssl=1 1536w, https:\/\/i0.wp.com\/kunstimaltenweingut.de\/wp-content\/uploads\/2022\/03\/raws_4437-Kopie-scaled.jpg?resize=2048%2C1365&amp;ssl=1 2048w, https:\/\/i0.wp.com\/kunstimaltenweingut.de\/wp-content\/uploads\/2022\/03\/raws_4437-Kopie-scaled.jpg?resize=370%2C247&amp;ssl=1 370w, https:\/\/i0.wp.com\/kunstimaltenweingut.de\/wp-content\/uploads\/2022\/03\/raws_4437-Kopie-scaled.jpg?resize=770%2C513&amp;ssl=1 770w, https:\/\/i0.wp.com\/kunstimaltenweingut.de\/wp-content\/uploads\/2022\/03\/raws_4437-Kopie-scaled.jpg?w=2340&amp;ssl=1 2340w\" sizes=\"(max-width: 1024px) 100vw, 1024px\" \/>\t\t\t\t\t\t\t\t\t\t\t\t\t\t\t<\/div>\n\t\t\t\t<\/div>\n\t\t\t\t<div class=\"elementor-element elementor-element-a18714c animation_type_block sc_fly_static elementor-widget elementor-widget-spacer\" data-id=\"a18714c\" data-element_type=\"widget\" data-e-type=\"widget\" data-widget_type=\"spacer.default\">\n\t\t\t\t<div class=\"elementor-widget-container\">\n\t\t\t\t\t\t\t<div class=\"elementor-spacer\">\n\t\t\t<div class=\"elementor-spacer-inner\"><\/div>\n\t\t<\/div>\n\t\t\t\t\t\t<\/div>\n\t\t\t\t<\/div>\n\t\t\t\t<div class=\"elementor-element elementor-element-750effb animation_type_block sc_fly_static elementor-widget elementor-widget-text-editor\" data-id=\"750effb\" data-element_type=\"widget\" data-e-type=\"widget\" data-widget_type=\"text-editor.default\">\n\t\t\t\t<div class=\"elementor-widget-container\">\n\t\t\t\t\t\t\t\t\t<p class=\"p1\"><em>Heidrun und Dirk Gem\u00fcnden<\/em><\/p>\t\t\t\t\t\t\t\t<\/div>\n\t\t\t\t<\/div>\n\t\t\t\t\t<\/div>\n\t\t<\/div>\n\t\t\t\t<div class=\"elementor-column elementor-col-50 elementor-top-column elementor-element elementor-element-373df41 sc_inner_width_none sc_content_align_inherit sc_layouts_column_icons_position_left\" data-id=\"373df41\" data-element_type=\"column\" data-e-type=\"column\">\n\t\t\t<div class=\"elementor-widget-wrap elementor-element-populated\">\n\t\t\t\t\t\t<div class=\"elementor-element elementor-element-29d6038 animation_type_block sc_fly_static elementor-widget elementor-widget-spacer\" data-id=\"29d6038\" data-element_type=\"widget\" data-e-type=\"widget\" data-widget_type=\"spacer.default\">\n\t\t\t\t<div class=\"elementor-widget-container\">\n\t\t\t\t\t\t\t<div class=\"elementor-spacer\">\n\t\t\t<div class=\"elementor-spacer-inner\"><\/div>\n\t\t<\/div>\n\t\t\t\t\t\t<\/div>\n\t\t\t\t<\/div>\n\t\t\t\t<div class=\"elementor-element elementor-element-09c6f6c animated-slow animation_type_block sc_fly_static elementor-invisible elementor-widget elementor-widget-heading\" data-id=\"09c6f6c\" data-element_type=\"widget\" data-e-type=\"widget\" data-settings=\"{&quot;_animation&quot;:&quot;fadeInDown&quot;,&quot;_animation_delay&quot;:100}\" data-widget_type=\"heading.default\">\n\t\t\t\t<div class=\"elementor-widget-container\">\n\t\t\t\t\t<h3 class=\"elementor-heading-title elementor-size-default\">Foundation Gem\u00fcnden and Friends<\/h3>\t\t\t\t<\/div>\n\t\t\t\t<\/div>\n\t\t\t\t<div class=\"elementor-element elementor-element-8cd4158 animation_type_block sc_fly_static elementor-widget elementor-widget-spacer\" data-id=\"8cd4158\" data-element_type=\"widget\" data-e-type=\"widget\" data-widget_type=\"spacer.default\">\n\t\t\t\t<div class=\"elementor-widget-container\">\n\t\t\t\t\t\t\t<div class=\"elementor-spacer\">\n\t\t\t<div class=\"elementor-spacer-inner\"><\/div>\n\t\t<\/div>\n\t\t\t\t\t\t<\/div>\n\t\t\t\t<\/div>\n\t\t\t\t<div class=\"elementor-element elementor-element-29e91d5 animation_type_block sc_fly_static elementor-widget elementor-widget-text-editor\" data-id=\"29e91d5\" data-element_type=\"widget\" data-e-type=\"widget\" data-widget_type=\"text-editor.default\">\n\t\t\t\t<div class=\"elementor-widget-container\">\n\t\t\t\t\t\t\t\t\t<p class=\"p1\">The foundation Gem\u00fcnden and Friends was founded in April 2020, by the married couple Heidrun and Dirk Gem\u00fcnden with the objective of promotion of art and culture. This purpose involves different areas: Among other things, the foundation would like to support the <b>dialogue between art, architecture and building<\/b> as well as the society in the long term and to contribute to its development. In addition, the focus is on the promotion of projects in the visual arts, performing arts, film, literature, music and socio-culture. Another important aspect is the are<b>\"and friends\"<\/b>Herewith, the foundation would like to broaden the horizon of the exhibited collection through endowments from art- and culture interested people. The deed of foundation was handed over on 6th May 2020.<\/p>\t\t\t\t\t\t\t\t<\/div>\n\t\t\t\t<\/div>\n\t\t\t\t\t<\/div>\n\t\t<\/div>\n\t\t\t\t\t<\/div>\n\t\t<\/section>\n\t\t\t\t<section class=\"elementor-section elementor-top-section elementor-element elementor-element-bd9b2d2 elementor-section-boxed elementor-section-height-default elementor-section-height-default\" data-id=\"bd9b2d2\" data-element_type=\"section\" data-e-type=\"section\">\n\t\t\t\t\t\t<div class=\"elementor-container elementor-column-gap-extended\">\n\t\t\t\t\t<div class=\"elementor-column elementor-col-100 elementor-top-column elementor-element elementor-element-f5b4bea sc_inner_width_none sc_content_align_inherit sc_layouts_column_icons_position_left\" data-id=\"f5b4bea\" data-element_type=\"column\" data-e-type=\"column\">\n\t\t\t<div class=\"elementor-widget-wrap elementor-element-populated\">\n\t\t\t\t\t\t<div class=\"elementor-element elementor-element-e52c3d6 animation_type_block sc_fly_static elementor-widget elementor-widget-spacer\" data-id=\"e52c3d6\" data-element_type=\"widget\" data-e-type=\"widget\" data-widget_type=\"spacer.default\">\n\t\t\t\t<div class=\"elementor-widget-container\">\n\t\t\t\t\t\t\t<div class=\"elementor-spacer\">\n\t\t\t<div class=\"elementor-spacer-inner\"><\/div>\n\t\t<\/div>\n\t\t\t\t\t\t<\/div>\n\t\t\t\t<\/div>\n\t\t\t\t<div class=\"elementor-element elementor-element-845ea36 elementor-widget-divider--view-line animation_type_block sc_fly_static elementor-widget elementor-widget-divider\" data-id=\"845ea36\" data-element_type=\"widget\" data-e-type=\"widget\" data-widget_type=\"divider.default\">\n\t\t\t\t<div class=\"elementor-widget-container\">\n\t\t\t\t\t\t\t<div class=\"elementor-divider\">\n\t\t\t<span class=\"elementor-divider-separator\">\n\t\t\t\t\t\t<\/span>\n\t\t<\/div>\n\t\t\t\t\t\t<\/div>\n\t\t\t\t<\/div>\n\t\t\t\t\t<\/div>\n\t\t<\/div>\n\t\t\t\t\t<\/div>\n\t\t<\/section>\n\t\t\t\t<section class=\"elementor-section elementor-top-section elementor-element elementor-element-07e0757 elementor-section-boxed elementor-section-height-default elementor-section-height-default\" data-id=\"07e0757\" data-element_type=\"section\" data-e-type=\"section\">\n\t\t\t\t\t\t<div class=\"elementor-container elementor-column-gap-extended\">\n\t\t\t\t\t<div class=\"elementor-column elementor-col-50 elementor-top-column elementor-element elementor-element-1b19ab4 sc_inner_width_none sc_content_align_inherit sc_layouts_column_icons_position_left\" data-id=\"1b19ab4\" data-element_type=\"column\" data-e-type=\"column\">\n\t\t\t<div class=\"elementor-widget-wrap elementor-element-populated\">\n\t\t\t\t\t\t<div class=\"elementor-element elementor-element-079d7c5 animation_type_block sc_fly_static elementor-widget elementor-widget-text-editor\" data-id=\"079d7c5\" data-element_type=\"widget\" data-e-type=\"widget\" data-widget_type=\"text-editor.default\">\n\t\t\t\t<div class=\"elementor-widget-container\">\n\t\t\t\t\t\t\t\t\t<p class=\"p1\"><b>Art and collecting... <\/b>f\u00fcr die Stifter Heidrun und Dirk Gem\u00fcnden eine gemeinsame Passion, die sie mit ihrer Begeisterung f\u00fcr andere L\u00e4nder und Kulturen seit vielen Jahren verbinden. Von zahlreichen Reisen durch die ganze Welt brachten sie viele spannende Kunstgegenst\u00e4nde nach Ingelheim am Rhein. Schon w\u00e4hrend ihrer Studienzeit wurden die ersten Exponate erworben, die erste afrikanische Maske zum Beispiel bei einem Aufenthalt in Frankreich. Ebenso geh\u00f6ren zu der Sammlung Werke zeitgen\u00f6ssischer Kunst &#8211; \u00fcber die Jahre wurde so eine beachtliche Kunstsammlung zusammengestellt, die Zeugnis des breit gef\u00e4cherten Interesses der beiden Stifter ist.<\/p><p class=\"p1\">\u201eBesondere Lieblingsst\u00fccke zu benennen, ist schwierig\u201c, so Heidrun Gem\u00fcnden. \u201eJede Reise, jedes Sammlerst\u00fcck hat eine eigene Geschichte und ist verbunden mit Erinnerungen an die faszinierenden Orte, die wir gemeinsam bereist haben. Zum Beispiel der gro\u00dfe Buddha: Er erinnert mich immer an unsere Reise nach Myanmar und die unterschiedlichen Buddha-Figuren, die uns bei der Besichtigung der Tempel begegnet sind.\u201c<\/p><p class=\"p3\">\u00a0<\/p>\t\t\t\t\t\t\t\t<\/div>\n\t\t\t\t<\/div>\n\t\t\t\t\t<\/div>\n\t\t<\/div>\n\t\t\t\t<div class=\"elementor-column elementor-col-50 elementor-top-column elementor-element elementor-element-5b70ac8 sc_inner_width_none sc_content_align_inherit sc_layouts_column_icons_position_left\" data-id=\"5b70ac8\" data-element_type=\"column\" data-e-type=\"column\">\n\t\t\t<div class=\"elementor-widget-wrap elementor-element-populated\">\n\t\t\t\t\t\t<div class=\"elementor-element elementor-element-9e1a5ae animation_type_block sc_fly_static elementor-widget elementor-widget-text-editor\" data-id=\"9e1a5ae\" data-element_type=\"widget\" data-e-type=\"widget\" data-widget_type=\"text-editor.default\">\n\t\t\t\t<div class=\"elementor-widget-container\">\n\t\t\t\t\t\t\t\t\t<p class=\"p1\">Dirk Gem\u00fcnden already felt the enthusiasm for collections in his childhood. Whether \"glass clickers\" or pictures for the Sanella-albums, which were very popular at the time, - the ambition to bring special things together gripped him immediately. It then became more serious with collecting stamps. The first stamps were mainly from the first set of occupation issues of the French zone of Rhineland-Palatinate and formed the basis of the \"Gem\u00fcnden Collection\". In the meantime, Dirk Gem\u00fcnden's stamp collection has grown to a considerable size.<\/p><p class=\"p3\">Die aufwendige Sanierung und Renovierung des denkmalgesch\u00fctzten ehemaligen Weinguts in Gro\u00df-Winternheim sowie dessen Umnutzung zu einem modernen Museum in historischer H\u00fclle ist ein erster Meilenstein f\u00fcr die Stiftung. <\/p><p>F\u00fcr die Familie Gem\u00fcnden bedeutet es auch die R\u00fcckkehr zu einer ihrer Wurzeln &#8211; ihr Vorfahre Krisman von Gemonden ist im Gro\u00dfwinternheimer Taufbuch von 1543 verzeichnet.<\/p>\t\t\t\t\t\t\t\t<\/div>\n\t\t\t\t<\/div>\n\t\t\t\t<div class=\"elementor-element elementor-element-ef63c66 animation_type_block sc_fly_static elementor-widget elementor-widget-spacer\" data-id=\"ef63c66\" data-element_type=\"widget\" data-e-type=\"widget\" data-widget_type=\"spacer.default\">\n\t\t\t\t<div class=\"elementor-widget-container\">\n\t\t\t\t\t\t\t<div class=\"elementor-spacer\">\n\t\t\t<div class=\"elementor-spacer-inner\"><\/div>\n\t\t<\/div>\n\t\t\t\t\t\t<\/div>\n\t\t\t\t<\/div>\n\t\t\t\t\t<\/div>\n\t\t<\/div>\n\t\t\t\t\t<\/div>\n\t\t<\/section>\n\t\t\t\t<section class=\"elementor-section elementor-top-section elementor-element elementor-element-d8e39de elementor-section-stretched elementor-section-boxed elementor-section-height-default elementor-section-height-default elementor-invisible\" data-id=\"d8e39de\" data-element_type=\"section\" data-e-type=\"section\" data-settings=\"{&quot;animation&quot;:&quot;fadeIn&quot;,&quot;animation_delay&quot;:200,&quot;stretch_section&quot;:&quot;section-stretched&quot;}\">\n\t\t\t\t\t\t<div class=\"elementor-container elementor-column-gap-extended\">\n\t\t\t\t\t<div class=\"elementor-column elementor-col-100 elementor-top-column elementor-element elementor-element-ba98a62 sc_inner_width_none sc_content_align_inherit sc_layouts_column_icons_position_left\" data-id=\"ba98a62\" data-element_type=\"column\" data-e-type=\"column\">\n\t\t\t<div class=\"elementor-widget-wrap elementor-element-populated\">\n\t\t\t\t\t\t<div class=\"elementor-element elementor-element-03f4ae7 animation_type_block sc_fly_static elementor-widget elementor-widget-spacer\" data-id=\"03f4ae7\" data-element_type=\"widget\" data-e-type=\"widget\" data-widget_type=\"spacer.default\">\n\t\t\t\t<div class=\"elementor-widget-container\">\n\t\t\t\t\t\t\t<div class=\"elementor-spacer\">\n\t\t\t<div class=\"elementor-spacer-inner\"><\/div>\n\t\t<\/div>\n\t\t\t\t\t\t<\/div>\n\t\t\t\t<\/div>\n\t\t\t\t<div class=\"elementor-element elementor-element-f12cce4 animation_type_block sc_fly_static elementor-widget elementor-widget-trx_sc_title\" data-id=\"f12cce4\" data-element_type=\"widget\" data-e-type=\"widget\" data-widget_type=\"trx_sc_title.default\">\n\t\t\t\t<div class=\"elementor-widget-container\">\n\t\t\t\t\t<div id=\"trx_sc_title_88172595\"\n\t\tclass=\"sc_title color_style_dark sc_title_decoration extra_vision\"><h3 class=\"sc_item_title sc_title_title sc_item_title_style_decoration sc_item_title_tag\"><span class=\"sc_item_title_text\">Insights into the collection<\/span><\/h3><div id=\"sc_button_434352494\"\tclass=\"sc_item_button sc_button_wrap sc_item_button sc_item_button_simple sc_title_button\"><a href=\"https:\/\/kunstimaltenweingut.de\/en\/sammlung\/\" class=\"sc_button sc_button_simple sc_button_size_normal sc_button_icon_left\"><span class=\"sc_button_text\"><span class=\"sc_button_title\">hier<\/span><\/span><!-- \/.sc_button_text --><\/a><!-- \/.sc_button --><\/div><!-- \/.sc_item_button --><\/div><!-- \/.sc_title -->\t\t\t\t<\/div>\n\t\t\t\t<\/div>\n\t\t\t\t<div class=\"elementor-element elementor-element-f45c12a animation_type_block sc_fly_static elementor-widget elementor-widget-spacer\" data-id=\"f45c12a\" data-element_type=\"widget\" data-e-type=\"widget\" data-widget_type=\"spacer.default\">\n\t\t\t\t<div class=\"elementor-widget-container\">\n\t\t\t\t\t\t\t<div class=\"elementor-spacer\">\n\t\t\t<div class=\"elementor-spacer-inner\"><\/div>\n\t\t<\/div>\n\t\t\t\t\t\t<\/div>\n\t\t\t\t<\/div>\n\t\t\t\t\t<\/div>\n\t\t<\/div>\n\t\t\t\t\t<\/div>\n\t\t<\/section>\n\t\t\t\t<section class=\"elementor-section elementor-top-section elementor-element elementor-element-38f83ed elementor-section-stretched elementor-section-full_width elementor-section-height-default elementor-section-height-default elementor-invisible\" data-id=\"38f83ed\" data-element_type=\"section\" data-e-type=\"section\" data-settings=\"{&quot;stretch_section&quot;:&quot;section-stretched&quot;,&quot;animation&quot;:&quot;fadeIn&quot;,&quot;animation_delay&quot;:200}\">\n\t\t\t\t\t\t<div class=\"elementor-container elementor-column-gap-no\">\n\t\t\t\t\t<div class=\"elementor-column elementor-col-50 elementor-top-column elementor-element elementor-element-5a5096f sc_inner_width_none sc_content_align_inherit sc_layouts_column_icons_position_left\" data-id=\"5a5096f\" data-element_type=\"column\" data-e-type=\"column\" data-settings=\"{&quot;background_background&quot;:&quot;classic&quot;}\">\n\t\t\t<div class=\"elementor-widget-wrap elementor-element-populated\">\n\t\t\t\t\t\t<div class=\"elementor-element elementor-element-121ba97 animation_type_block sc_fly_static elementor-widget elementor-widget-text-editor\" data-id=\"121ba97\" data-element_type=\"widget\" data-e-type=\"widget\" data-widget_type=\"text-editor.default\">\n\t\t\t\t<div class=\"elementor-widget-container\">\n\t\t\t\t\t\t\t\t\t&#8222;Jede Reise, jedes Sammlerst\u00fcck hat eine eigene Geschichte und ist verbunden mit Erinnerungen an die faszinierenden Orte, die wir gemeinsam bereist haben.&#8220;\t\t\t\t\t\t\t\t<\/div>\n\t\t\t\t<\/div>\n\t\t\t\t\t<\/div>\n\t\t<\/div>\n\t\t\t\t<div class=\"elementor-column elementor-col-50 elementor-top-column elementor-element elementor-element-0a8dbe6 sc_inner_width_none sc_content_align_inherit sc_layouts_column_icons_position_left\" data-id=\"0a8dbe6\" data-element_type=\"column\" data-e-type=\"column\" data-settings=\"{&quot;background_background&quot;:&quot;classic&quot;}\">\n\t\t\t<div class=\"elementor-widget-wrap elementor-element-populated\">\n\t\t\t\t\t\t<div class=\"elementor-element elementor-element-5fa2ea4 animation_type_block sc_fly_static elementor-widget elementor-widget-spacer\" data-id=\"5fa2ea4\" data-element_type=\"widget\" data-e-type=\"widget\" data-widget_type=\"spacer.default\">\n\t\t\t\t<div class=\"elementor-widget-container\">\n\t\t\t\t\t\t\t<div class=\"elementor-spacer\">\n\t\t\t<div class=\"elementor-spacer-inner\"><\/div>\n\t\t<\/div>\n\t\t\t\t\t\t<\/div>\n\t\t\t\t<\/div>\n\t\t\t\t\t<\/div>\n\t\t<\/div>\n\t\t\t\t\t<\/div>\n\t\t<\/section>\n\t\t\t\t<\/div>","protected":false},"excerpt":{"rendered":"<p>&hellip;<\/p>","protected":false},"author":1,"featured_media":0,"parent":0,"menu_order":0,"comment_status":"closed","ping_status":"closed","template":"","meta":{"_price":"","_stock":"","_tribe_ticket_header":"","_tribe_default_ticket_provider":"","_tribe_ticket_capacity":"0","_ticket_start_date":"","_ticket_end_date":"","_tribe_ticket_show_description":"","_tribe_ticket_show_not_going":false,"_tribe_ticket_use_global_stock":"","_tribe_ticket_global_stock_level":"","_global_stock_mode":"","_global_stock_cap":"","_tribe_rsvp_for_event":"","_tribe_ticket_going_count":"","_tribe_ticket_not_going_count":"","_tribe_tickets_list":"[]","_tribe_ticket_has_attendee_info_fields":false,"_FSMCFIC_featured_image_caption":"","_FSMCFIC_featured_image_nocaption":"","_FSMCFIC_featured_image_hide":"","footnotes":"","_tec_slr_enabled":"","_tec_slr_layout":""},"class_list":["post-153","page","type-page","status-publish","hentry"],"jetpack_sharing_enabled":true,"ticketed":false,"_links":{"self":[{"href":"https:\/\/kunstimaltenweingut.de\/en\/wp-json\/wp\/v2\/pages\/153","targetHints":{"allow":["GET"]}}],"collection":[{"href":"https:\/\/kunstimaltenweingut.de\/en\/wp-json\/wp\/v2\/pages"}],"about":[{"href":"https:\/\/kunstimaltenweingut.de\/en\/wp-json\/wp\/v2\/types\/page"}],"author":[{"embeddable":true,"href":"https:\/\/kunstimaltenweingut.de\/en\/wp-json\/wp\/v2\/users\/1"}],"replies":[{"embeddable":true,"href":"https:\/\/kunstimaltenweingut.de\/en\/wp-json\/wp\/v2\/comments?post=153"}],"version-history":[{"count":0,"href":"https:\/\/kunstimaltenweingut.de\/en\/wp-json\/wp\/v2\/pages\/153\/revisions"}],"wp:attachment":[{"href":"https:\/\/kunstimaltenweingut.de\/en\/wp-json\/wp\/v2\/media?parent=153"}],"curies":[{"name":"wp","href":"https:\/\/api.w.org\/{rel}","templated":true}]}}