{"id":2718,"date":"2022-07-25T20:50:51","date_gmt":"2022-07-25T20:50:51","guid":{"rendered":"https:\/\/kunstimaltenweingut.de\/?page_id=2718"},"modified":"2023-07-12T15:46:34","modified_gmt":"2023-07-12T13:46:34","slug":"exponate-sammlung","status":"publish","type":"page","link":"https:\/\/kunstimaltenweingut.de\/de\/exponate-sammlung\/","title":{"rendered":"Exponate"},"content":{"rendered":"\t\t<div data-elementor-type=\"wp-page\" data-elementor-id=\"2718\" class=\"elementor elementor-2718\" data-elementor-post-type=\"page\">\n\t\t\t\t\t\t<section class=\"elementor-section elementor-top-section elementor-element elementor-element-14d15b3f elementor-section-full_width elementor-section-stretched elementor-section-height-default elementor-section-height-default\" data-id=\"14d15b3f\" data-element_type=\"section\" data-e-type=\"section\" data-settings=\"{&quot;stretch_section&quot;:&quot;section-stretched&quot;}\">\n\t\t\t\t\t\t<div class=\"elementor-container elementor-column-gap-extended\">\n\t\t\t\t\t<div class=\"elementor-column elementor-col-100 elementor-top-column elementor-element elementor-element-01b3304 sc_inner_width_none sc_content_align_inherit sc_layouts_column_icons_position_left\" data-id=\"01b3304\" data-element_type=\"column\" data-e-type=\"column\">\n\t\t\t<div class=\"elementor-widget-wrap\">\n\t\t\t\t\t\t\t<\/div>\n\t\t<\/div>\n\t\t\t\t\t<\/div>\n\t\t<\/section>\n\t\t\t\t<section class=\"elementor-section elementor-top-section elementor-element elementor-element-69a31659 elementor-section-boxed elementor-section-height-default elementor-section-height-default\" data-id=\"69a31659\" data-element_type=\"section\" data-e-type=\"section\">\n\t\t\t\t\t\t<div class=\"elementor-container elementor-column-gap-extended\">\n\t\t\t\t\t<div class=\"elementor-column elementor-col-100 elementor-top-column elementor-element elementor-element-30bdb7d6 sc_inner_width_none sc_content_align_inherit sc_layouts_column_icons_position_left\" data-id=\"30bdb7d6\" data-element_type=\"column\" data-e-type=\"column\">\n\t\t\t<div class=\"elementor-widget-wrap elementor-element-populated\">\n\t\t\t\t\t\t<div class=\"elementor-element elementor-element-4937c337 animation_type_block sc_fly_static elementor-widget elementor-widget-spacer\" data-id=\"4937c337\" data-element_type=\"widget\" data-e-type=\"widget\" data-widget_type=\"spacer.default\">\n\t\t\t\t<div class=\"elementor-widget-container\">\n\t\t\t\t\t\t\t<div class=\"elementor-spacer\">\n\t\t\t<div class=\"elementor-spacer-inner\"><\/div>\n\t\t<\/div>\n\t\t\t\t\t\t<\/div>\n\t\t\t\t<\/div>\n\t\t\t\t<div class=\"elementor-element elementor-element-24e05142 animation_type_block sc_fly_static elementor-invisible elementor-widget elementor-widget-heading\" data-id=\"24e05142\" data-element_type=\"widget\" data-e-type=\"widget\" data-settings=\"{&quot;_animation&quot;:&quot;fadeInDown&quot;}\" data-widget_type=\"heading.default\">\n\t\t\t\t<div class=\"elementor-widget-container\">\n\t\t\t\t\t<h2 class=\"elementor-heading-title elementor-size-default\">Ausgew\u00e4hlte Exponate <\/h2>\t\t\t\t<\/div>\n\t\t\t\t<\/div>\n\t\t\t\t<div class=\"elementor-element elementor-element-7e03d00f animation_type_block sc_fly_static elementor-widget elementor-widget-spacer\" data-id=\"7e03d00f\" data-element_type=\"widget\" data-e-type=\"widget\" data-widget_type=\"spacer.default\">\n\t\t\t\t<div class=\"elementor-widget-container\">\n\t\t\t\t\t\t\t<div class=\"elementor-spacer\">\n\t\t\t<div class=\"elementor-spacer-inner\"><\/div>\n\t\t<\/div>\n\t\t\t\t\t\t<\/div>\n\t\t\t\t<\/div>\n\t\t\t\t<div class=\"elementor-element elementor-element-34fc5277 animation_type_block sc_fly_static elementor-widget elementor-widget-text-editor\" data-id=\"34fc5277\" data-element_type=\"widget\" data-e-type=\"widget\" data-widget_type=\"text-editor.default\">\n\t\t\t\t<div class=\"elementor-widget-container\">\n\t\t\t\t\t\t\t\t\t<p class=\"p1\">Die einzigartige Atmosph\u00e4re an diesem traditionsreichen Ort ist die perfekte B\u00fchne f\u00fcr eine au\u00dferordentliche Kunstsammlung mit Exponaten aus der ganzen Welt. Von traditionellen Masken, Skulpturen und Figuren aus Nord- und S\u00fcdamerika, Ozeanien oder Afrika \u00fcber \u00e4gyptische Pharaonenmasken und Schmuckst\u00fccke, traditionelle asiatische Kunstgegenst\u00e4nde bis hin zu Gem\u00e4lden, Papierarbeiten und Skulpturen sowie zeitgen\u00f6ssischer europ\u00e4ischer Kunst \u2013 hier wird beeindruckendes geboten.<\/p>\t\t\t\t\t\t\t\t<\/div>\n\t\t\t\t<\/div>\n\t\t\t\t<div class=\"elementor-element elementor-element-a15905a animation_type_block sc_fly_static elementor-widget elementor-widget-spacer\" data-id=\"a15905a\" data-element_type=\"widget\" data-e-type=\"widget\" data-widget_type=\"spacer.default\">\n\t\t\t\t<div class=\"elementor-widget-container\">\n\t\t\t\t\t\t\t<div class=\"elementor-spacer\">\n\t\t\t<div class=\"elementor-spacer-inner\"><\/div>\n\t\t<\/div>\n\t\t\t\t\t\t<\/div>\n\t\t\t\t<\/div>\n\t\t\t\t<div class=\"elementor-element elementor-element-5f5956b animation_type_block sc_fly_static elementor-widget elementor-widget-text-editor\" data-id=\"5f5956b\" data-element_type=\"widget\" data-e-type=\"widget\" data-widget_type=\"text-editor.default\">\n\t\t\t\t<div class=\"elementor-widget-container\">\n\t\t\t\t\t\t\t\t\t<p class=\"p1\">Treten Sie ein.<\/p>\t\t\t\t\t\t\t\t<\/div>\n\t\t\t\t<\/div>\n\t\t\t\t<div class=\"elementor-element elementor-element-ce886bd animation_type_block sc_fly_static elementor-widget elementor-widget-spacer\" data-id=\"ce886bd\" data-element_type=\"widget\" data-e-type=\"widget\" data-widget_type=\"spacer.default\">\n\t\t\t\t<div class=\"elementor-widget-container\">\n\t\t\t\t\t\t\t<div class=\"elementor-spacer\">\n\t\t\t<div class=\"elementor-spacer-inner\"><\/div>\n\t\t<\/div>\n\t\t\t\t\t\t<\/div>\n\t\t\t\t<\/div>\n\t\t\t\t\t<\/div>\n\t\t<\/div>\n\t\t\t\t\t<\/div>\n\t\t<\/section>\n\t\t\t\t<section class=\"elementor-section elementor-top-section elementor-element elementor-element-ee7a883 elementor-section-boxed elementor-section-height-default elementor-section-height-default\" data-id=\"ee7a883\" data-element_type=\"section\" data-e-type=\"section\">\n\t\t\t\t\t\t<div class=\"elementor-container elementor-column-gap-extended\">\n\t\t\t\t\t<div class=\"elementor-column elementor-col-50 elementor-top-column elementor-element elementor-element-127e834 sc_inner_width_none sc_content_align_inherit sc_layouts_column_icons_position_left\" data-id=\"127e834\" data-element_type=\"column\" data-e-type=\"column\">\n\t\t\t<div class=\"elementor-widget-wrap elementor-element-populated\">\n\t\t\t\t\t\t<div class=\"elementor-element elementor-element-edad5c8 animation_type_block sc_fly_static elementor-widget elementor-widget-image\" data-id=\"edad5c8\" data-element_type=\"widget\" data-e-type=\"widget\" data-widget_type=\"image.default\">\n\t\t\t\t<div class=\"elementor-widget-container\">\n\t\t\t\t\t\t\t\t\t\t\t\t<figure class=\"wp-caption\">\n\t\t\t\t\t\t\t\t\t\t\t<a href=\"https:\/\/kunstimaltenweingut.de\/de\/sammlung-exponate-ethnologie\/\">\n\t\t\t\t\t\t\t<img fetchpriority=\"high\" decoding=\"async\" width=\"603\" height=\"339\" src=\"https:\/\/i0.wp.com\/kunstimaltenweingut.de\/wp-content\/uploads\/2023\/07\/IMG_E2036-2.jpg?fit=603%2C339&amp;ssl=1\" class=\"elementor-animation-grow attachment-large size-large wp-image-5549\" alt=\"\" srcset=\"https:\/\/i0.wp.com\/kunstimaltenweingut.de\/wp-content\/uploads\/2023\/07\/IMG_E2036-2.jpg?w=603&amp;ssl=1 603w, https:\/\/i0.wp.com\/kunstimaltenweingut.de\/wp-content\/uploads\/2023\/07\/IMG_E2036-2.jpg?resize=300%2C169&amp;ssl=1 300w, https:\/\/i0.wp.com\/kunstimaltenweingut.de\/wp-content\/uploads\/2023\/07\/IMG_E2036-2.jpg?resize=18%2C10&amp;ssl=1 18w, https:\/\/i0.wp.com\/kunstimaltenweingut.de\/wp-content\/uploads\/2023\/07\/IMG_E2036-2.jpg?resize=370%2C208&amp;ssl=1 370w, https:\/\/i0.wp.com\/kunstimaltenweingut.de\/wp-content\/uploads\/2023\/07\/IMG_E2036-2.jpg?resize=270%2C152&amp;ssl=1 270w\" sizes=\"(max-width: 603px) 100vw, 603px\" \/>\t\t\t\t\t\t\t\t<\/a>\n\t\t\t\t\t\t\t\t\t\t\t<figcaption class=\"widget-image-caption wp-caption-text\">ETHNOLOGIE<\/figcaption>\n\t\t\t\t\t\t\t\t\t\t<\/figure>\n\t\t\t\t\t\t\t\t\t<\/div>\n\t\t\t\t<\/div>\n\t\t\t\t<div class=\"elementor-element elementor-element-b2fe57f animation_type_block sc_fly_static elementor-widget elementor-widget-spacer\" data-id=\"b2fe57f\" data-element_type=\"widget\" data-e-type=\"widget\" data-widget_type=\"spacer.default\">\n\t\t\t\t<div class=\"elementor-widget-container\">\n\t\t\t\t\t\t\t<div class=\"elementor-spacer\">\n\t\t\t<div class=\"elementor-spacer-inner\"><\/div>\n\t\t<\/div>\n\t\t\t\t\t\t<\/div>\n\t\t\t\t<\/div>\n\t\t\t\t\t<\/div>\n\t\t<\/div>\n\t\t\t\t<div class=\"elementor-column elementor-col-50 elementor-top-column elementor-element elementor-element-d00fa59 sc_inner_width_none sc_content_align_inherit sc_layouts_column_icons_position_left\" data-id=\"d00fa59\" data-element_type=\"column\" data-e-type=\"column\">\n\t\t\t<div class=\"elementor-widget-wrap elementor-element-populated\">\n\t\t\t\t\t\t<div class=\"elementor-element elementor-element-2ca8f02 animation_type_block sc_fly_static elementor-widget elementor-widget-image\" data-id=\"2ca8f02\" data-element_type=\"widget\" data-e-type=\"widget\" data-widget_type=\"image.default\">\n\t\t\t\t<div class=\"elementor-widget-container\">\n\t\t\t\t\t\t\t\t\t\t\t\t<figure class=\"wp-caption\">\n\t\t\t\t\t\t\t\t\t\t\t<a href=\"https:\/\/kunstimaltenweingut.de\/de\/sammlung-exponate-bildende-kunst\/\">\n\t\t\t\t\t\t\t<img decoding=\"async\" width=\"1024\" height=\"576\" src=\"https:\/\/i0.wp.com\/kunstimaltenweingut.de\/wp-content\/uploads\/2023\/07\/IMG_3275-2.jpg?fit=1024%2C576&amp;ssl=1\" class=\"elementor-animation-grow attachment-large size-large wp-image-5547\" alt=\"\" srcset=\"https:\/\/i0.wp.com\/kunstimaltenweingut.de\/wp-content\/uploads\/2023\/07\/IMG_3275-2.jpg?w=1024&amp;ssl=1 1024w, https:\/\/i0.wp.com\/kunstimaltenweingut.de\/wp-content\/uploads\/2023\/07\/IMG_3275-2.jpg?resize=300%2C169&amp;ssl=1 300w, https:\/\/i0.wp.com\/kunstimaltenweingut.de\/wp-content\/uploads\/2023\/07\/IMG_3275-2.jpg?resize=768%2C432&amp;ssl=1 768w, https:\/\/i0.wp.com\/kunstimaltenweingut.de\/wp-content\/uploads\/2023\/07\/IMG_3275-2.jpg?resize=18%2C10&amp;ssl=1 18w, https:\/\/i0.wp.com\/kunstimaltenweingut.de\/wp-content\/uploads\/2023\/07\/IMG_3275-2.jpg?resize=370%2C208&amp;ssl=1 370w, https:\/\/i0.wp.com\/kunstimaltenweingut.de\/wp-content\/uploads\/2023\/07\/IMG_3275-2.jpg?resize=770%2C433&amp;ssl=1 770w, https:\/\/i0.wp.com\/kunstimaltenweingut.de\/wp-content\/uploads\/2023\/07\/IMG_3275-2.jpg?resize=270%2C152&amp;ssl=1 270w\" sizes=\"(max-width: 1024px) 100vw, 1024px\" \/>\t\t\t\t\t\t\t\t<\/a>\n\t\t\t\t\t\t\t\t\t\t\t<figcaption class=\"widget-image-caption wp-caption-text\">BILDENDE KUNST<\/figcaption>\n\t\t\t\t\t\t\t\t\t\t<\/figure>\n\t\t\t\t\t\t\t\t\t<\/div>\n\t\t\t\t<\/div>\n\t\t\t\t<div class=\"elementor-element elementor-element-c9d1e8d animation_type_block sc_fly_static elementor-widget elementor-widget-spacer\" data-id=\"c9d1e8d\" data-element_type=\"widget\" data-e-type=\"widget\" data-widget_type=\"spacer.default\">\n\t\t\t\t<div class=\"elementor-widget-container\">\n\t\t\t\t\t\t\t<div class=\"elementor-spacer\">\n\t\t\t<div class=\"elementor-spacer-inner\"><\/div>\n\t\t<\/div>\n\t\t\t\t\t\t<\/div>\n\t\t\t\t<\/div>\n\t\t\t\t\t<\/div>\n\t\t<\/div>\n\t\t\t\t\t<\/div>\n\t\t<\/section>\n\t\t\t\t<\/div>\n\t\t","protected":false},"excerpt":{"rendered":"<p>&hellip;<\/p>\n","protected":false},"author":2,"featured_media":0,"parent":0,"menu_order":0,"comment_status":"closed","ping_status":"closed","template":"","meta":{"_price":"","_stock":"","_tribe_ticket_header":"","_tribe_default_ticket_provider":"","_tribe_ticket_capacity":"0","_ticket_start_date":"","_ticket_end_date":"","_tribe_ticket_show_description":"","_tribe_ticket_show_not_going":false,"_tribe_ticket_use_global_stock":"","_tribe_ticket_global_stock_level":"","_global_stock_mode":"","_global_stock_cap":"","_tribe_rsvp_for_event":"","_tribe_ticket_going_count":"","_tribe_ticket_not_going_count":"","_tribe_tickets_list":"[]","_tribe_ticket_has_attendee_info_fields":false,"_FSMCFIC_featured_image_caption":"","_FSMCFIC_featured_image_nocaption":"","_FSMCFIC_featured_image_hide":"","footnotes":"","_tec_slr_enabled":"","_tec_slr_layout":""},"class_list":["post-2718","page","type-page","status-publish","hentry"],"jetpack_sharing_enabled":true,"ticketed":false,"_links":{"self":[{"href":"https:\/\/kunstimaltenweingut.de\/de\/wp-json\/wp\/v2\/pages\/2718","targetHints":{"allow":["GET"]}}],"collection":[{"href":"https:\/\/kunstimaltenweingut.de\/de\/wp-json\/wp\/v2\/pages"}],"about":[{"href":"https:\/\/kunstimaltenweingut.de\/de\/wp-json\/wp\/v2\/types\/page"}],"author":[{"embeddable":true,"href":"https:\/\/kunstimaltenweingut.de\/de\/wp-json\/wp\/v2\/users\/2"}],"replies":[{"embeddable":true,"href":"https:\/\/kunstimaltenweingut.de\/de\/wp-json\/wp\/v2\/comments?post=2718"}],"version-history":[{"count":0,"href":"https:\/\/kunstimaltenweingut.de\/de\/wp-json\/wp\/v2\/pages\/2718\/revisions"}],"wp:attachment":[{"href":"https:\/\/kunstimaltenweingut.de\/de\/wp-json\/wp\/v2\/media?parent=2718"}],"curies":[{"name":"wp","href":"https:\/\/api.w.org\/{rel}","templated":true}]}}