{"id":151,"date":"2019-05-29T07:55:20","date_gmt":"2019-05-29T07:55:20","guid":{"rendered":"http:\/\/kunstimaltenweingut.de\/home-5\/"},"modified":"2024-02-09T14:50:26","modified_gmt":"2024-02-09T13:50:26","slug":"home-5","status":"publish","type":"page","link":"https:\/\/kunstimaltenweingut.de\/de\/","title":{"rendered":"HOME OBENTRAUT"},"content":{"rendered":"\t\t<div data-elementor-type=\"wp-post\" data-elementor-id=\"151\" class=\"elementor elementor-151\" data-elementor-post-type=\"page\">\n\t\t\t\t\t\t<section class=\"elementor-section elementor-top-section elementor-element elementor-element-f9d6c87 elementor-section-boxed elementor-section-height-default elementor-section-height-default\" data-id=\"f9d6c87\" data-element_type=\"section\" data-e-type=\"section\">\n\t\t\t\t\t\t<div class=\"elementor-container elementor-column-gap-no\">\n\t\t\t\t\t<div class=\"elementor-column elementor-col-100 elementor-top-column elementor-element elementor-element-cb69aac sc_inner_width_none sc_content_align_inherit sc_layouts_column_icons_position_left\" data-id=\"cb69aac\" data-element_type=\"column\" data-e-type=\"column\">\n\t\t\t<div class=\"elementor-widget-wrap elementor-element-populated\">\n\t\t\t\t\t\t<div class=\"elementor-element elementor-element-8987c97 animation_type_block sc_fly_static elementor-widget elementor-widget-trx_widget_slider\" data-id=\"8987c97\" data-element_type=\"widget\" data-e-type=\"widget\" data-widget_type=\"trx_widget_slider.default\">\n\t\t\t\t<div class=\"elementor-widget-container\">\n\t\t\t\t\t<div id=\"trx_widget_slider_376992259\" class=\"widget_area sc_widget_slider\"><aside id=\"trx_widget_slider_376992259_widget\" class=\"widget widget_slider\">\t\t\t<div class=\"slider_wrap slider_engine_revo slider_alias_home-4-slider2-1\">\n\t\t\t\t\n\t\t\t<!-- START LANDING REVOLUTION SLIDER 6.7.40 --><p class=\"rs-p-wp-fix\"><\/p>\n\t\t\t<rs-module-wrap id=\"rev_slider_17_1_wrapper\" data-source=\"gallery\" style=\"visibility:hidden;background:transparent;padding:0;margin:0px auto;margin-top:0;margin-bottom:0;\">\n\t\t\t\t<rs-module id=\"rev_slider_17_1\" style=\"\" data-version=\"6.7.40\">\n\t\t\t\t\t<rs-slides style=\"overflow: hidden; position: absolute;\">\n\t\t\t\t\t\t<rs-slide style=\"position: absolute;\" data-key=\"rs-21\" data-title=\"Main Slide\" data-anim=\"adpr:false;\" data-in=\"o:0;\" data-out=\"a:false;\">\n\t\t\t\t\t\t\t<img data-recalc-dims=\"1\" fetchpriority=\"high\" decoding=\"async\" src=\"https:\/\/i0.wp.com\/kunstimaltenweingut.de\/wp-content\/plugins\/revslider\/sr6\/assets\/assets\/dummy.png?resize=1170%2C658\" alt=\"\" title=\"NA0008 SB\" width=\"1170\" height=\"658\" class=\"rev-slidebg tp-rs-img rs-lazyload\" data-lazyload=\"\/\/kunstimaltenweingut.de\/wp-content\/uploads\/2024\/09\/NA0008-SB.jpg\" data-bg=\"p:center top;\" data-panzoom=\"d:20000ms;e:power2.out;ss:100;se:105%;\" data-no-retina>\n<!--\n\t\t\t\t\t\t\t--><rs-layer\n\t\t\t\t\t\t\t\tid=\"slider-17-slide-21-layer-4\" \n\t\t\t\t\t\t\t\tdata-type=\"text\"\n\t\t\t\t\t\t\t\tdata-color=\"rgba(235, 233, 207, 0.8)\"\n\t\t\t\t\t\t\t\tdata-rsp_ch=\"on\"\n\t\t\t\t\t\t\t\tdata-xy=\"xo:105px,86px,-3px,28px;yo:231px,190px,586px,13px;\"\n\t\t\t\t\t\t\t\tdata-text=\"s:62,51,38,33;l:78,64,48,42;a:center;\"\n\t\t\t\t\t\t\t\tdata-dim=\"w:auto,auto,auto,185px;\"\n\t\t\t\t\t\t\t\tdata-frame_999=\"o:0;st:w;\"\n\t\t\t\t\t\t\t\tstyle=\"z-index:3;font-family:'Cormorant Garamond';\"\n\t\t\t\t\t\t\t>Geniessen ohne <br>Vorwissen \n\t\t\t\t\t\t\t<\/rs-layer><!--\n-->\t\t\t\t\t<\/rs-slide>\n\t\t\t\t\t<\/rs-slides>\n\t\t\t\t<\/rs-module>\n\t\t\t\t<script data-jetpack-boost=\"ignore\">\n\t\t\t\t\tsetREVStartSize({c: 'rev_slider_17_1',rl:[1240,1024,778,480],el:[840,768,960,720],gw:[1240,1024,778,480],gh:[840,768,960,720],type:'standard',justify:'',layout:'fullwidth',mh:\"0\"});if (window.RS_MODULES!==undefined && window.RS_MODULES.modules!==undefined && window.RS_MODULES.modules[\"revslider171\"]!==undefined) {window.RS_MODULES.modules[\"revslider171\"].once = false;window.revapi17 = undefined;if (window.RS_MODULES.checkMinimal!==undefined) window.RS_MODULES.checkMinimal()}\n\t\t\t\t<\/script>\n\t\t\t<\/rs-module-wrap>\n\t\t\t<!-- END REVOLUTION SLIDER -->\n\t\t\t<\/div>\n\t\t\t<\/aside><\/div>\t\t\t\t<\/div>\n\t\t\t\t<\/div>\n\t\t\t\t\t<\/div>\n\t\t<\/div>\n\t\t\t\t\t<\/div>\n\t\t<\/section>\n\t\t\t\t<section class=\"elementor-section elementor-top-section elementor-element elementor-element-1012827 elementor-section-full_width elementor-section-height-default elementor-section-height-default\" data-id=\"1012827\" data-element_type=\"section\" data-e-type=\"section\">\n\t\t\t\t\t\t<div class=\"elementor-container elementor-column-gap-extended\">\n\t\t\t\t\t<div class=\"elementor-column elementor-col-100 elementor-top-column elementor-element elementor-element-781ea1c sc_inner_width_none sc_content_align_inherit sc_layouts_column_icons_position_left\" data-id=\"781ea1c\" data-element_type=\"column\" data-e-type=\"column\">\n\t\t\t<div class=\"elementor-widget-wrap elementor-element-populated\">\n\t\t\t\t\t\t<div class=\"elementor-element elementor-element-b278725 sc_height_large animation_type_block sc_fly_static elementor-widget elementor-widget-spacer\" data-id=\"b278725\" data-element_type=\"widget\" data-e-type=\"widget\" data-widget_type=\"spacer.default\">\n\t\t\t\t<div class=\"elementor-widget-container\">\n\t\t\t\t\t\t\t<div class=\"elementor-spacer\">\n\t\t\t<div class=\"elementor-spacer-inner\"><\/div>\n\t\t<\/div>\n\t\t\t\t\t\t<\/div>\n\t\t\t\t<\/div>\n\t\t\t\t<div class=\"elementor-element elementor-element-7748ea3 animation_type_block sc_fly_static elementor-invisible elementor-widget elementor-widget-heading\" data-id=\"7748ea3\" data-element_type=\"widget\" data-e-type=\"widget\" data-settings=\"{&quot;_animation&quot;:&quot;fadeInDown&quot;}\" data-widget_type=\"heading.default\">\n\t\t\t\t<div class=\"elementor-widget-container\">\n\t\t\t\t\t<h2 class=\"elementor-heading-title elementor-size-default\">Obentraut3<\/h2>\t\t\t\t<\/div>\n\t\t\t\t<\/div>\n\t\t\t\t<div class=\"elementor-element elementor-element-e04fd52 animation_type_block sc_fly_static elementor-widget elementor-widget-spacer\" data-id=\"e04fd52\" data-element_type=\"widget\" data-e-type=\"widget\" data-widget_type=\"spacer.default\">\n\t\t\t\t<div class=\"elementor-widget-container\">\n\t\t\t\t\t\t\t<div class=\"elementor-spacer\">\n\t\t\t<div class=\"elementor-spacer-inner\"><\/div>\n\t\t<\/div>\n\t\t\t\t\t\t<\/div>\n\t\t\t\t<\/div>\n\t\t\t\t<div class=\"elementor-element elementor-element-0cf3b33 animation_type_block sc_fly_static elementor-widget elementor-widget-text-editor\" data-id=\"0cf3b33\" data-element_type=\"widget\" data-e-type=\"widget\" data-widget_type=\"text-editor.default\">\n\t\t\t\t<div class=\"elementor-widget-container\">\n\t\t\t\t\t\t\t\t\t<p class=\"p1\">Wir begr\u00fc\u00dfen Sie in einem Museum, das Sie begeistern wird.<\/p><p class=\"p1\">Das alte Weingut in Ingelheim-Gro\u00dfwinternheim ist ein Geb\u00e4ude mit Tradition. Die Urspr\u00fcnge reichen bis ins 17. Jahrhundert zur\u00fcck. Hier begegnet Ihnen ein Ort, an dem Sie Geschichte f\u00fchlen, sp\u00fcren und sehen k\u00f6nnen. Dieser ist nun die B\u00fchne f\u00fcr die au\u00dferordentliche Sammlung der Kunststiftung Gem\u00fcnden und Freunde. Ein Museum mit einzigartiger Atmosph\u00e4re \u2013 eine Sammlung mit faszinierenden Werken aus aller Welt. Das Obentraut3 beheimatet zahlreiche Exponate aus der Zeit des Alten \u00c4gypten bis hin zur zeitgen\u00f6ssischen Kunst.<span class=\"Apple-converted-space\">\u00a0<\/span><\/p><p class=\"p1\">\u00a0<\/p>\t\t\t\t\t\t\t\t<\/div>\n\t\t\t\t<\/div>\n\t\t\t\t\t<\/div>\n\t\t<\/div>\n\t\t\t\t\t<\/div>\n\t\t<\/section>\n\t\t\t\t<section class=\"elementor-section elementor-top-section elementor-element elementor-element-948b587 elementor-section-boxed elementor-section-height-default elementor-section-height-default\" data-id=\"948b587\" data-element_type=\"section\" data-e-type=\"section\" data-settings=\"{&quot;animation&quot;:&quot;none&quot;}\">\n\t\t\t\t\t\t<div class=\"elementor-container elementor-column-gap-wider\">\n\t\t\t\t\t<div class=\"elementor-column elementor-col-33 elementor-top-column elementor-element elementor-element-fbe1368 sc_inner_width_none sc_content_align_inherit sc_layouts_column_icons_position_left\" data-id=\"fbe1368\" data-element_type=\"column\" data-e-type=\"column\" data-settings=\"{&quot;animation&quot;:&quot;none&quot;}\">\n\t\t\t<div class=\"elementor-widget-wrap elementor-element-populated\">\n\t\t\t\t\t\t<div class=\"elementor-element elementor-element-2380457 animated-slow animation_type_block sc_fly_static elementor-widget elementor-widget-image\" data-id=\"2380457\" data-element_type=\"widget\" data-e-type=\"widget\" data-settings=\"{&quot;_animation&quot;:&quot;none&quot;}\" data-widget_type=\"image.default\">\n\t\t\t\t<div class=\"elementor-widget-container\">\n\t\t\t\t\t\t\t\t\t\t\t\t<figure class=\"wp-caption\">\n\t\t\t\t\t\t\t\t\t\t\t<a href=\"https:\/\/kunstimaltenweingut.de\/de\/blog\/\">\n\t\t\t\t\t\t\t<img decoding=\"async\" width=\"1024\" height=\"768\" src=\"https:\/\/i0.wp.com\/kunstimaltenweingut.de\/wp-content\/uploads\/2022\/10\/IMG_2841.jpg?fit=1024%2C768&amp;ssl=1\" class=\"attachment-large size-large wp-image-3534\" alt=\"\" srcset=\"https:\/\/i0.wp.com\/kunstimaltenweingut.de\/wp-content\/uploads\/2022\/10\/IMG_2841.jpg?w=1024&amp;ssl=1 1024w, https:\/\/i0.wp.com\/kunstimaltenweingut.de\/wp-content\/uploads\/2022\/10\/IMG_2841.jpg?resize=300%2C225&amp;ssl=1 300w, https:\/\/i0.wp.com\/kunstimaltenweingut.de\/wp-content\/uploads\/2022\/10\/IMG_2841.jpg?resize=768%2C576&amp;ssl=1 768w, https:\/\/i0.wp.com\/kunstimaltenweingut.de\/wp-content\/uploads\/2022\/10\/IMG_2841.jpg?resize=16%2C12&amp;ssl=1 16w, https:\/\/i0.wp.com\/kunstimaltenweingut.de\/wp-content\/uploads\/2022\/10\/IMG_2841.jpg?resize=370%2C278&amp;ssl=1 370w, https:\/\/i0.wp.com\/kunstimaltenweingut.de\/wp-content\/uploads\/2022\/10\/IMG_2841.jpg?resize=770%2C578&amp;ssl=1 770w\" sizes=\"(max-width: 1024px) 100vw, 1024px\" \/>\t\t\t\t\t\t\t\t<\/a>\n\t\t\t\t\t\t\t\t\t\t\t<figcaption class=\"widget-image-caption wp-caption-text\">BLOG<\/figcaption>\n\t\t\t\t\t\t\t\t\t\t<\/figure>\n\t\t\t\t\t\t\t\t\t<\/div>\n\t\t\t\t<\/div>\n\t\t\t\t\t<\/div>\n\t\t<\/div>\n\t\t\t\t<div class=\"elementor-column elementor-col-33 elementor-top-column elementor-element elementor-element-cbdba0c sc_inner_width_none sc_content_align_inherit sc_layouts_column_icons_position_left\" data-id=\"cbdba0c\" data-element_type=\"column\" data-e-type=\"column\" data-settings=\"{&quot;animation&quot;:&quot;none&quot;}\">\n\t\t\t<div class=\"elementor-widget-wrap elementor-element-populated\">\n\t\t\t\t\t\t<div class=\"elementor-element elementor-element-683e8a5 animated-slow animation_type_block sc_fly_static elementor-widget elementor-widget-image\" data-id=\"683e8a5\" data-element_type=\"widget\" data-e-type=\"widget\" data-settings=\"{&quot;_animation&quot;:&quot;none&quot;}\" data-widget_type=\"image.default\">\n\t\t\t\t<div class=\"elementor-widget-container\">\n\t\t\t\t\t\t\t\t\t\t\t\t<figure class=\"wp-caption\">\n\t\t\t\t\t\t\t\t\t\t\t<a href=\"https:\/\/kunstimaltenweingut.de\/de\/exponate-sammlung-obentraut\/\">\n\t\t\t\t\t\t\t<img decoding=\"async\" width=\"1024\" height=\"768\" src=\"https:\/\/i0.wp.com\/kunstimaltenweingut.de\/wp-content\/uploads\/2022\/10\/MG_2988-2.jpg?fit=1024%2C768&amp;ssl=1\" class=\"attachment-large size-large wp-image-3535\" alt=\"\" srcset=\"https:\/\/i0.wp.com\/kunstimaltenweingut.de\/wp-content\/uploads\/2022\/10\/MG_2988-2.jpg?w=1024&amp;ssl=1 1024w, https:\/\/i0.wp.com\/kunstimaltenweingut.de\/wp-content\/uploads\/2022\/10\/MG_2988-2.jpg?resize=300%2C225&amp;ssl=1 300w, https:\/\/i0.wp.com\/kunstimaltenweingut.de\/wp-content\/uploads\/2022\/10\/MG_2988-2.jpg?resize=768%2C576&amp;ssl=1 768w, https:\/\/i0.wp.com\/kunstimaltenweingut.de\/wp-content\/uploads\/2022\/10\/MG_2988-2.jpg?resize=16%2C12&amp;ssl=1 16w, https:\/\/i0.wp.com\/kunstimaltenweingut.de\/wp-content\/uploads\/2022\/10\/MG_2988-2.jpg?resize=370%2C278&amp;ssl=1 370w, https:\/\/i0.wp.com\/kunstimaltenweingut.de\/wp-content\/uploads\/2022\/10\/MG_2988-2.jpg?resize=770%2C578&amp;ssl=1 770w\" sizes=\"(max-width: 1024px) 100vw, 1024px\" \/>\t\t\t\t\t\t\t\t<\/a>\n\t\t\t\t\t\t\t\t\t\t\t<figcaption class=\"widget-image-caption wp-caption-text\">EXPONATE<\/figcaption>\n\t\t\t\t\t\t\t\t\t\t<\/figure>\n\t\t\t\t\t\t\t\t\t<\/div>\n\t\t\t\t<\/div>\n\t\t\t\t\t<\/div>\n\t\t<\/div>\n\t\t\t\t<div class=\"elementor-column elementor-col-33 elementor-top-column elementor-element elementor-element-3860012 sc_inner_width_none sc_content_align_inherit sc_layouts_column_icons_position_left\" data-id=\"3860012\" data-element_type=\"column\" data-e-type=\"column\" data-settings=\"{&quot;animation&quot;:&quot;none&quot;}\">\n\t\t\t<div class=\"elementor-widget-wrap elementor-element-populated\">\n\t\t\t\t\t\t<div class=\"elementor-element elementor-element-152bc30 animated-slow animation_type_block sc_fly_static elementor-widget elementor-widget-image\" data-id=\"152bc30\" data-element_type=\"widget\" data-e-type=\"widget\" data-settings=\"{&quot;_animation&quot;:&quot;none&quot;}\" data-widget_type=\"image.default\">\n\t\t\t\t<div class=\"elementor-widget-container\">\n\t\t\t\t\t\t\t\t\t\t\t\t<figure class=\"wp-caption\">\n\t\t\t\t\t\t\t\t\t\t\t<a href=\"https:\/\/kunstimaltenweingut.de\/mediathek\">\n\t\t\t\t\t\t\t<img loading=\"lazy\" decoding=\"async\" width=\"1024\" height=\"768\" src=\"https:\/\/i0.wp.com\/kunstimaltenweingut.de\/wp-content\/uploads\/2022\/10\/IMG_2869.jpg?fit=1024%2C768&amp;ssl=1\" class=\"attachment-large size-large wp-image-3536\" alt=\"\" srcset=\"https:\/\/i0.wp.com\/kunstimaltenweingut.de\/wp-content\/uploads\/2022\/10\/IMG_2869.jpg?w=1024&amp;ssl=1 1024w, https:\/\/i0.wp.com\/kunstimaltenweingut.de\/wp-content\/uploads\/2022\/10\/IMG_2869.jpg?resize=300%2C225&amp;ssl=1 300w, https:\/\/i0.wp.com\/kunstimaltenweingut.de\/wp-content\/uploads\/2022\/10\/IMG_2869.jpg?resize=768%2C576&amp;ssl=1 768w, https:\/\/i0.wp.com\/kunstimaltenweingut.de\/wp-content\/uploads\/2022\/10\/IMG_2869.jpg?resize=16%2C12&amp;ssl=1 16w, https:\/\/i0.wp.com\/kunstimaltenweingut.de\/wp-content\/uploads\/2022\/10\/IMG_2869.jpg?resize=370%2C278&amp;ssl=1 370w, https:\/\/i0.wp.com\/kunstimaltenweingut.de\/wp-content\/uploads\/2022\/10\/IMG_2869.jpg?resize=770%2C578&amp;ssl=1 770w\" sizes=\"(max-width: 1024px) 100vw, 1024px\" \/>\t\t\t\t\t\t\t\t<\/a>\n\t\t\t\t\t\t\t\t\t\t\t<figcaption class=\"widget-image-caption wp-caption-text\">VIDEOS<\/figcaption>\n\t\t\t\t\t\t\t\t\t\t<\/figure>\n\t\t\t\t\t\t\t\t\t<\/div>\n\t\t\t\t<\/div>\n\t\t\t\t\t<\/div>\n\t\t<\/div>\n\t\t\t\t\t<\/div>\n\t\t<\/section>\n\t\t\t\t<section class=\"elementor-section elementor-top-section elementor-element elementor-element-46217c0 elementor-section-stretched elementor-section-boxed elementor-section-height-default elementor-section-height-default\" data-id=\"46217c0\" data-element_type=\"section\" data-e-type=\"section\" data-settings=\"{&quot;stretch_section&quot;:&quot;section-stretched&quot;}\">\n\t\t\t\t\t\t<div class=\"elementor-container elementor-column-gap-extended\">\n\t\t\t\t\t<div class=\"elementor-column elementor-col-100 elementor-top-column elementor-element elementor-element-e7b7e7c sc_inner_width_none sc_content_align_inherit sc_layouts_column_icons_position_left\" data-id=\"e7b7e7c\" data-element_type=\"column\" data-e-type=\"column\">\n\t\t\t<div class=\"elementor-widget-wrap elementor-element-populated\">\n\t\t\t\t\t\t<div class=\"elementor-element elementor-element-29e3c51 sc_height_medium animation_type_block sc_fly_static elementor-widget elementor-widget-spacer\" data-id=\"29e3c51\" data-element_type=\"widget\" data-e-type=\"widget\" data-widget_type=\"spacer.default\">\n\t\t\t\t<div class=\"elementor-widget-container\">\n\t\t\t\t\t\t\t<div class=\"elementor-spacer\">\n\t\t\t<div class=\"elementor-spacer-inner\"><\/div>\n\t\t<\/div>\n\t\t\t\t\t\t<\/div>\n\t\t\t\t<\/div>\n\t\t\t\t<section class=\"elementor-section elementor-inner-section elementor-element elementor-element-6dbd307 elementor-section-full_width elementor-section-height-default elementor-section-height-default elementor-invisible\" data-id=\"6dbd307\" data-element_type=\"section\" data-e-type=\"section\" data-settings=\"{&quot;animation&quot;:&quot;fadeIn&quot;,&quot;animation_delay&quot;:200}\">\n\t\t\t\t\t\t<div class=\"elementor-container elementor-column-gap-no\">\n\t\t\t\t\t<div class=\"elementor-column elementor-col-100 elementor-inner-column elementor-element elementor-element-ec10b4a sc_inner_width_none sc_content_align_inherit sc_layouts_column_icons_position_left\" data-id=\"ec10b4a\" data-element_type=\"column\" data-e-type=\"column\">\n\t\t\t<div class=\"elementor-widget-wrap elementor-element-populated\">\n\t\t\t\t\t\t<div class=\"elementor-element elementor-element-3680caba sc_height_small animation_type_block sc_fly_static elementor-widget elementor-widget-spacer\" data-id=\"3680caba\" data-element_type=\"widget\" data-e-type=\"widget\" data-widget_type=\"spacer.default\">\n\t\t\t\t<div class=\"elementor-widget-container\">\n\t\t\t\t\t\t\t<div class=\"elementor-spacer\">\n\t\t\t<div class=\"elementor-spacer-inner\"><\/div>\n\t\t<\/div>\n\t\t\t\t\t\t<\/div>\n\t\t\t\t<\/div>\n\t\t\t\t\t<\/div>\n\t\t<\/div>\n\t\t\t\t\t<\/div>\n\t\t<\/section>\n\t\t\t\t<div class=\"elementor-element elementor-element-833e3e8 animation_type_block sc_fly_static elementor-widget elementor-widget-spacer\" data-id=\"833e3e8\" data-element_type=\"widget\" data-e-type=\"widget\" data-widget_type=\"spacer.default\">\n\t\t\t\t<div class=\"elementor-widget-container\">\n\t\t\t\t\t\t\t<div class=\"elementor-spacer\">\n\t\t\t<div class=\"elementor-spacer-inner\"><\/div>\n\t\t<\/div>\n\t\t\t\t\t\t<\/div>\n\t\t\t\t<\/div>\n\t\t\t\t<div class=\"elementor-element elementor-element-5f07fcb sc_height_medium animation_type_block sc_fly_static elementor-widget elementor-widget-spacer\" data-id=\"5f07fcb\" data-element_type=\"widget\" data-e-type=\"widget\" data-widget_type=\"spacer.default\">\n\t\t\t\t<div class=\"elementor-widget-container\">\n\t\t\t\t\t\t\t<div class=\"elementor-spacer\">\n\t\t\t<div class=\"elementor-spacer-inner\"><\/div>\n\t\t<\/div>\n\t\t\t\t\t\t<\/div>\n\t\t\t\t<\/div>\n\t\t\t\t\t<\/div>\n\t\t<\/div>\n\t\t\t\t\t<\/div>\n\t\t<\/section>\n\t\t\t\t<section class=\"elementor-section elementor-top-section elementor-element elementor-element-3a02a60 elementor-section-stretched elementor-section-full_width elementor-section-height-default elementor-section-height-default elementor-invisible\" data-id=\"3a02a60\" data-element_type=\"section\" data-e-type=\"section\" data-settings=\"{&quot;stretch_section&quot;:&quot;section-stretched&quot;,&quot;animation&quot;:&quot;fadeIn&quot;,&quot;animation_delay&quot;:200}\">\n\t\t\t\t\t\t<div class=\"elementor-container elementor-column-gap-custom\">\n\t\t\t\t\t<div class=\"elementor-column elementor-col-50 elementor-top-column elementor-element elementor-element-0a2b25b sc_inner_width_none sc_content_align_inherit sc_layouts_column_icons_position_left\" data-id=\"0a2b25b\" data-element_type=\"column\" data-e-type=\"column\" data-settings=\"{&quot;background_background&quot;:&quot;classic&quot;}\">\n\t\t\t<div class=\"elementor-widget-wrap elementor-element-populated\">\n\t\t\t\t\t\t\t<\/div>\n\t\t<\/div>\n\t\t\t\t<div class=\"elementor-column elementor-col-50 elementor-top-column elementor-element elementor-element-31dc9d4 sc_inner_width_none sc_content_align_inherit sc_layouts_column_icons_position_left\" data-id=\"31dc9d4\" data-element_type=\"column\" data-e-type=\"column\" data-settings=\"{&quot;background_background&quot;:&quot;classic&quot;}\">\n\t\t\t<div class=\"elementor-widget-wrap elementor-element-populated\">\n\t\t\t\t\t\t<div class=\"elementor-element elementor-element-3351dbc elementor-widget__width-initial animation_type_block sc_fly_static elementor-widget elementor-widget-spacer\" data-id=\"3351dbc\" data-element_type=\"widget\" data-e-type=\"widget\" data-widget_type=\"spacer.default\">\n\t\t\t\t<div class=\"elementor-widget-container\">\n\t\t\t\t\t\t\t<div class=\"elementor-spacer\">\n\t\t\t<div class=\"elementor-spacer-inner\"><\/div>\n\t\t<\/div>\n\t\t\t\t\t\t<\/div>\n\t\t\t\t<\/div>\n\t\t\t\t\t<\/div>\n\t\t<\/div>\n\t\t\t\t\t<\/div>\n\t\t<\/section>\n\t\t\t\t<\/div>\n\t\t","protected":false},"excerpt":{"rendered":"<p>&hellip;<\/p>\n","protected":false},"author":2,"featured_media":0,"parent":0,"menu_order":0,"comment_status":"closed","ping_status":"closed","template":"","meta":{"_price":"","_stock":"","_tribe_ticket_header":"","_tribe_default_ticket_provider":"","_tribe_ticket_capacity":"0","_ticket_start_date":"","_ticket_end_date":"","_tribe_ticket_show_description":"","_tribe_ticket_show_not_going":false,"_tribe_ticket_use_global_stock":"","_tribe_ticket_global_stock_level":"","_global_stock_mode":"","_global_stock_cap":"","_tribe_rsvp_for_event":"","_tribe_ticket_going_count":"","_tribe_ticket_not_going_count":"","_tribe_tickets_list":"[]","_tribe_ticket_has_attendee_info_fields":false,"_FSMCFIC_featured_image_caption":"","_FSMCFIC_featured_image_nocaption":"","_FSMCFIC_featured_image_hide":"","footnotes":"","_tec_slr_enabled":"","_tec_slr_layout":""},"class_list":["post-151","page","type-page","status-publish","hentry"],"jetpack_sharing_enabled":true,"ticketed":false,"_links":{"self":[{"href":"https:\/\/kunstimaltenweingut.de\/de\/wp-json\/wp\/v2\/pages\/151","targetHints":{"allow":["GET"]}}],"collection":[{"href":"https:\/\/kunstimaltenweingut.de\/de\/wp-json\/wp\/v2\/pages"}],"about":[{"href":"https:\/\/kunstimaltenweingut.de\/de\/wp-json\/wp\/v2\/types\/page"}],"author":[{"embeddable":true,"href":"https:\/\/kunstimaltenweingut.de\/de\/wp-json\/wp\/v2\/users\/2"}],"replies":[{"embeddable":true,"href":"https:\/\/kunstimaltenweingut.de\/de\/wp-json\/wp\/v2\/comments?post=151"}],"version-history":[{"count":0,"href":"https:\/\/kunstimaltenweingut.de\/de\/wp-json\/wp\/v2\/pages\/151\/revisions"}],"wp:attachment":[{"href":"https:\/\/kunstimaltenweingut.de\/de\/wp-json\/wp\/v2\/media?parent=151"}],"curies":[{"name":"wp","href":"https:\/\/api.w.org\/{rel}","templated":true}]}}