{"id":1127,"date":"2022-03-29T21:39:50","date_gmt":"2022-03-29T21:39:50","guid":{"rendered":"http:\/\/kunstimaltenweingut.de\/?page_id=1127"},"modified":"2022-11-16T13:30:25","modified_gmt":"2022-11-16T13:30:25","slug":"datenschutz","status":"publish","type":"page","link":"https:\/\/kunstimaltenweingut.de\/de\/datenschutz\/","title":{"rendered":"Datenschutz"},"content":{"rendered":"\t\t<div data-elementor-type=\"wp-page\" data-elementor-id=\"1127\" class=\"elementor elementor-1127\" data-elementor-post-type=\"page\">\n\t\t\t\t\t\t<section class=\"elementor-section elementor-top-section elementor-element elementor-element-5ff3060 elementor-section-full_width elementor-section-stretched elementor-section-height-default elementor-section-height-default\" data-id=\"5ff3060\" data-element_type=\"section\" data-e-type=\"section\" data-settings=\"{&quot;stretch_section&quot;:&quot;section-stretched&quot;}\">\n\t\t\t\t\t\t<div class=\"elementor-container elementor-column-gap-extended\">\n\t\t\t\t\t<div class=\"elementor-column elementor-col-100 elementor-top-column elementor-element elementor-element-f4af80f sc_inner_width_none sc_content_align_inherit sc_layouts_column_icons_position_left\" data-id=\"f4af80f\" data-element_type=\"column\" data-e-type=\"column\" data-settings=\"{&quot;background_background&quot;:&quot;classic&quot;}\">\n\t\t\t<div class=\"elementor-widget-wrap elementor-element-populated\">\n\t\t\t\t\t\t<div class=\"elementor-element elementor-element-4a05fbc animation_type_block sc_fly_static elementor-widget elementor-widget-spacer\" data-id=\"4a05fbc\" data-element_type=\"widget\" data-e-type=\"widget\" data-widget_type=\"spacer.default\">\n\t\t\t\t<div class=\"elementor-widget-container\">\n\t\t\t\t\t\t\t<div class=\"elementor-spacer\">\n\t\t\t<div class=\"elementor-spacer-inner\"><\/div>\n\t\t<\/div>\n\t\t\t\t\t\t<\/div>\n\t\t\t\t<\/div>\n\t\t\t\t<div class=\"elementor-element elementor-element-6d2e59a animation_type_block sc_fly_static elementor-widget elementor-widget-spacer\" data-id=\"6d2e59a\" data-element_type=\"widget\" data-e-type=\"widget\" data-widget_type=\"spacer.default\">\n\t\t\t\t<div class=\"elementor-widget-container\">\n\t\t\t\t\t\t\t<div class=\"elementor-spacer\">\n\t\t\t<div class=\"elementor-spacer-inner\"><\/div>\n\t\t<\/div>\n\t\t\t\t\t\t<\/div>\n\t\t\t\t<\/div>\n\t\t\t\t\t<\/div>\n\t\t<\/div>\n\t\t\t\t\t<\/div>\n\t\t<\/section>\n\t\t\t\t<section class=\"elementor-section elementor-top-section elementor-element elementor-element-4bbab06c elementor-section-boxed elementor-section-height-default elementor-section-height-default\" data-id=\"4bbab06c\" data-element_type=\"section\" data-e-type=\"section\">\n\t\t\t\t\t\t<div class=\"elementor-container elementor-column-gap-extended\">\n\t\t\t\t\t<div class=\"elementor-column elementor-col-100 elementor-top-column elementor-element elementor-element-546ba016 sc_inner_width_none sc_content_align_inherit sc_layouts_column_icons_position_left\" data-id=\"546ba016\" data-element_type=\"column\" data-e-type=\"column\">\n\t\t\t<div class=\"elementor-widget-wrap elementor-element-populated\">\n\t\t\t\t\t\t<div class=\"elementor-element elementor-element-732f99b8 animation_type_block sc_fly_static elementor-widget elementor-widget-spacer\" data-id=\"732f99b8\" data-element_type=\"widget\" data-e-type=\"widget\" data-widget_type=\"spacer.default\">\n\t\t\t\t<div class=\"elementor-widget-container\">\n\t\t\t\t\t\t\t<div class=\"elementor-spacer\">\n\t\t\t<div class=\"elementor-spacer-inner\"><\/div>\n\t\t<\/div>\n\t\t\t\t\t\t<\/div>\n\t\t\t\t<\/div>\n\t\t\t\t<div class=\"elementor-element elementor-element-630b9c97 animation_type_block sc_fly_static elementor-widget elementor-widget-spacer\" data-id=\"630b9c97\" data-element_type=\"widget\" data-e-type=\"widget\" data-widget_type=\"spacer.default\">\n\t\t\t\t<div class=\"elementor-widget-container\">\n\t\t\t\t\t\t\t<div class=\"elementor-spacer\">\n\t\t\t<div class=\"elementor-spacer-inner\"><\/div>\n\t\t<\/div>\n\t\t\t\t\t\t<\/div>\n\t\t\t\t<\/div>\n\t\t\t\t<div class=\"elementor-element elementor-element-7f8ffba1 animation_type_block sc_fly_static elementor-invisible elementor-widget elementor-widget-heading\" data-id=\"7f8ffba1\" data-element_type=\"widget\" data-e-type=\"widget\" data-settings=\"{&quot;_animation&quot;:&quot;fadeInDown&quot;}\" data-widget_type=\"heading.default\">\n\t\t\t\t<div class=\"elementor-widget-container\">\n\t\t\t\t\t<h2 class=\"elementor-heading-title elementor-size-default\">Datenschutz<\/h2>\t\t\t\t<\/div>\n\t\t\t\t<\/div>\n\t\t\t\t<div class=\"elementor-element elementor-element-323d3ff5 animation_type_block sc_fly_static elementor-widget elementor-widget-spacer\" data-id=\"323d3ff5\" data-element_type=\"widget\" data-e-type=\"widget\" data-widget_type=\"spacer.default\">\n\t\t\t\t<div class=\"elementor-widget-container\">\n\t\t\t\t\t\t\t<div class=\"elementor-spacer\">\n\t\t\t<div class=\"elementor-spacer-inner\"><\/div>\n\t\t<\/div>\n\t\t\t\t\t\t<\/div>\n\t\t\t\t<\/div>\n\t\t\t\t<div class=\"elementor-element elementor-element-14dffa48 sc_height_tiny animation_type_block sc_fly_static elementor-widget elementor-widget-spacer\" data-id=\"14dffa48\" data-element_type=\"widget\" data-e-type=\"widget\" data-widget_type=\"spacer.default\">\n\t\t\t\t<div class=\"elementor-widget-container\">\n\t\t\t\t\t\t\t<div class=\"elementor-spacer\">\n\t\t\t<div class=\"elementor-spacer-inner\"><\/div>\n\t\t<\/div>\n\t\t\t\t\t\t<\/div>\n\t\t\t\t<\/div>\n\t\t\t\t\t<\/div>\n\t\t<\/div>\n\t\t\t\t\t<\/div>\n\t\t<\/section>\n\t\t\t\t<section class=\"elementor-section elementor-top-section elementor-element elementor-element-1d81fc84 elementor-section-full_width elementor-section-stretched elementor-section-height-default elementor-section-height-default\" data-id=\"1d81fc84\" data-element_type=\"section\" data-e-type=\"section\" data-settings=\"{&quot;stretch_section&quot;:&quot;section-stretched&quot;}\">\n\t\t\t\t\t\t<div class=\"elementor-container elementor-column-gap-custom\">\n\t\t\t\t\t<div class=\"elementor-column elementor-col-100 elementor-top-column elementor-element elementor-element-6c46b13e sc_inner_width_none sc_content_align_inherit sc_layouts_column_icons_position_left\" data-id=\"6c46b13e\" data-element_type=\"column\" data-e-type=\"column\">\n\t\t\t<div class=\"elementor-widget-wrap elementor-element-populated\">\n\t\t\t\t\t\t<section class=\"elementor-section elementor-inner-section elementor-element elementor-element-4d7532ad elementor-section-boxed elementor-section-height-default elementor-section-height-default\" data-id=\"4d7532ad\" data-element_type=\"section\" data-e-type=\"section\">\n\t\t\t\t\t\t<div class=\"elementor-container elementor-column-gap-narrow\">\n\t\t\t\t\t<div class=\"elementor-column elementor-col-50 elementor-inner-column elementor-element elementor-element-7767b9bb sc_inner_width_none sc_content_align_inherit sc_layouts_column_icons_position_left\" data-id=\"7767b9bb\" data-element_type=\"column\" data-e-type=\"column\">\n\t\t\t<div class=\"elementor-widget-wrap elementor-element-populated\">\n\t\t\t\t\t\t<div class=\"elementor-element elementor-element-6eb13916 animation_type_block sc_fly_static elementor-widget elementor-widget-text-editor\" data-id=\"6eb13916\" data-element_type=\"widget\" data-e-type=\"widget\" data-widget_type=\"text-editor.default\">\n\t\t\t\t<div class=\"elementor-widget-container\">\n\t\t\t\t\t\t\t\t\t<p><b>Geltungsbereich:<\/b><br>Wir legen h\u00f6chsten Wert auf den Schutz Ihrer personenbezogenen Daten. Die Verarbeitung dieser Daten durch uns erfolgt streng nach den Datenschutz-Bestimmungen. Das sind die Europ\u00e4ische Datenschutz-Grundverordnung (DSGVO), das Bundesdatenschutzgesetz (BDSG) und andere Rechtsvorschriften.<\/p>\n<p><b>Zul\u00e4ssigkeit der Verarbeitung:<\/b><br>Die Zul\u00e4ssigkeit der Datenverarbeitung bestimmt sich nach Artikel 6 Abs. 1 DSGVO sowie \u00a7 22 Abs. 1 BDSG.<\/p>\n<p><b>Erfassung allgemeiner Informationen \u00fcber das Kontaktformular:<\/b><br>Wenn Sie uns \u00fcber das Kontaktformular kontaktieren, speichern wir die von Ihnen gemachten Angaben (Name, Nachname, E-Mail-Adresse, Nachricht), um Ihre Anfrage beantworten und m\u00f6gliche Anschlussfragen stellen zu k\u00f6nnen. Diese Daten speichern wir lokal und nicht online. Wir verwenden diese Daten nur, um mit Ihnen in Kontakt zu treten, keinesfalls jedoch f\u00fcr Marketing- oder Werbezwecke. Die \u00dcbertragung der Daten erfolgt SSL-verschl\u00fcsselt \u00fcber eine https-Verbindung.<br>Die Verarbeitung der eingetragenen Daten basiert auf einer Einwilligung gem. Art. 6 Abs. 1 lit. a DSGVO.<\/p>\n<p><b>Web Fonts: <\/b><br>Daneben nutzt diese Seite zur einheitlichen Darstellung von Schriften sog. Web Fonts (Google fonts, Jost, Metropolis, Cormorand Garamond, Cardo, Roboto, Montserrat &#8211; \u00c4nderungen vorbehalten), die von den jeweiligen Servern bereitgestellt werden. Hierdurch erlangt Google Kenntnis dar\u00fcber, dass \u00fcber Ihre IP-Adresse unsere Website aufgerufen wurde. Wenn Ihr Browser Web Fonts nicht unterst\u00fctzt, wird eine Standardschrift von Ihrem Computer genutzt.<br>Die Nutzung von Web Fonts erfolgt im Interesse einer einheitlichen und ansprechenden Darstellung unserer Website. Dies stellt ein berechtigtes Interesse im Sinne von Art. 6 Abs. 1 lit. f DSGVO dar.<br>Widerruf: Wenn Ihr Browser Web Fonts nicht unterst\u00fctzt, wird eine Standardschrift von Ihrem Computer genutzt.&nbsp;<\/p>\n<p><b>WordPress Stats <\/b><br>Auf unserer Webseite wird ein Webservice des Unternehmens Automattic, Inc., , 60 29th Street 343 in 94110 San Francisco, USA (nachfolgend: WordPress Stats) na nachgeladen. Wir nutzen diese Daten, um die volle Funktionalit\u00e4t unserer Webseite zu gew\u00e4hrleisten. In diesem Zusammenhang wird Ihr Browser ggf. personenbezogene Daten an WordPress Stats \u00fcbermitteln. Rechtsgrundlage f\u00fcr die Datenverarbeitung ist Art. 6 Abs.1 lit. f DSGVO. Das berechtigte Interesse besteht in einer fehlerfreien Funktion der Internetseite. WordPress Stats hat sich im Rahmen des EU-US-Privacy-Shield-Abkommens selbst zertifiziert (vgl.&nbsp;<a href=\"https:\/\/www.privacyshield.gov\/list\">https:\/\/www.privacyshield.gov\/list<\/a>). Die L\u00f6schung der Daten erfolgt, sobald der Zweck ihrer Erhebung erf\u00fcllt wurde. Weitere Informationen zum Handling der \u00fcbertragenen Daten finden Sie in der Datenschutzerkl\u00e4rung von WordPress Stats:&nbsp;<a href=\"https:\/\/automattic.com\/privacy\/\">https:\/\/automattic.com\/privacy\/<\/a>. Sie k\u00f6nnen die Erfassung sowie die Verarbeitung Ihrer Daten durch WordPress Stats verhindern, indem Sie die Ausf\u00fchrung von Script-Code in Ihrem Browser deaktivieren oder einen Script-Blocker in Ihrem Browser installieren (diesen finden Sie z.B. unter www.noscript.net oder <a href=\"http:\/\/www.ghostery.com\">www.ghostery.com<\/a>).<\/p>\n<p><span style=\"font-size: 15px; font-weight: bold;\">Cookie Consent<\/span><\/p>\n<p><span style=\"font-family: Jost, sans-serif; font-size: 15px; font-style: normal; font-weight: 400;\">Auf unserer Webseite wird ein Webservice des Unternehmens Silktide Ltd, Brunel Parkway Pride Park in nan nan, UK (nachfolgend: Cookie Consent) nachgeladen. Wir nutzen diese Daten, um die volle Funktionalit\u00e4t unserer Webseite zu gew\u00e4hrleisten. In diesem Zusammenhang wird Ihr Browser ggf. personenbezogene Daten an Cookie Consent \u00fcbermitteln. Rechtsgrundlage f\u00fcr die Datenverarbeitung ist Art. 6 Abs.1 lit. f DSGVO. Das berechtigte Interesse besteht in einer fehlerfreien Funktion der Internetseite. Die L\u00f6schung der Daten erfolgt, sobald der Zweck ihrer Erhebung erf\u00fcllt wurde. Weitere Informationen zum Handling der \u00fcbertragenen Daten finden Sie in der Datenschutzerkl\u00e4rung von Cookie Consent:&nbsp;<\/span><a style=\"font-family: Jost, sans-serif; font-size: 15px; font-weight: 400; font-style: normal; background-color: #f7f6ec;\" href=\"https:\/\/silktide.com\/privacy-policy\/\">https:\/\/silktide.com\/privacy-policy\/<\/a><span style=\"font-family: Jost, sans-serif; font-size: 15px; font-style: normal; font-weight: 400;\">. Sie k\u00f6nnen die Erfassung sowie die Verarbeitung Ihrer Daten durch Cookie Consent verhindern, indem Sie die Ausf\u00fchrung von Script-Code in Ihrem Browser deaktivieren oder einen Script-Blocker in Ihrem Browser installieren (diesen finden Sie z.B. unter www.noscript.net oder www.ghostery.com).<\/span><\/p>\t\t\t\t\t\t\t\t<\/div>\n\t\t\t\t<\/div>\n\t\t\t\t\t<\/div>\n\t\t<\/div>\n\t\t\t\t<div class=\"elementor-column elementor-col-50 elementor-inner-column elementor-element elementor-element-b3cabc5 sc_inner_width_none sc_content_align_inherit sc_layouts_column_icons_position_left\" data-id=\"b3cabc5\" data-element_type=\"column\" data-e-type=\"column\">\n\t\t\t<div class=\"elementor-widget-wrap elementor-element-populated\">\n\t\t\t\t\t\t<div class=\"elementor-element elementor-element-7f9d8cb animation_type_block sc_fly_static elementor-widget elementor-widget-text-editor\" data-id=\"7f9d8cb\" data-element_type=\"widget\" data-e-type=\"widget\" data-widget_type=\"text-editor.default\">\n\t\t\t\t<div class=\"elementor-widget-container\">\n\t\t\t\t\t\t\t\t\t<p class=\"p1\"><b style=\"font-family: inherit; font-style: inherit;\">Unterrichtung \u00fcber die Nutzung von Cookies<\/b><\/p><p class=\"p3\"><span class=\"s1\"><b>Umfang der Verarbeitung personenbezogener Daten<\/b><\/span><br \/>Auf verschiedenen Seiten verwenden wir Cookies, um die Nutzung bestimmter Funktionen unserer Website zu erm\u00f6glichen. Bei den sog. \u2018Cookies\u2019 handelt es sich um kleine Textdateien, die Ihr Browser auf Ihrem Rechner ablegen kann. Diese Textdateien enthalten eine charakteristische Zeichenfolge, die eine eindeutige Identifizierung des Browsers beim erneuten Aufrufen unserer Website erm\u00f6glichen Der Vorgang des Ablegens einer Cookie-Datei wird auch \u2018ein Cookie setzen\u2019 genannt.<\/p><p class=\"p3\"><span class=\"s1\"><b>Rechtsgrundlage f\u00fcr die Verarbeitung personenbezogener Daten<\/b><\/span><br \/>Art. 6 Abs.1 lit. f DSGVO (berechtigtes Interesse). Unser berechtigtes Interesse besteht in der Erhaltung der vollen Funktionsf\u00e4higkeit unserer Internetseite, die Steigerung der Bedienbarkeit sowie die Erm\u00f6glichung einer individuelleren Kundenansprache. Eine Identifizierung einzelner Seitenbesucher ist uns mit Hilfe der Cookie-Technologie nur m\u00f6glich, wenn der Seitenbesucher uns zuvor auf Basis einer gesonderten Einwilligung entsprechende personenbezogene Daten \u00fcberlassen hat.<\/p><p class=\"p3\"><span class=\"s1\"><b>Zweck der Datenverarbeitung<\/b><\/span><br \/>Die Cookies werden von unserer Website gesetzt, um die volle Funktionsf\u00e4higkeit unserer Internetseite zu erhalten und die Bedienbarkeit zu verbessern. Zudem erm\u00f6glicht uns die Cookie-Technologie, einzelne Besucher durch Pseudonyme, z.B. eine individuelle, beliebige ID, wiederzuerkennen, so dass es uns m\u00f6glich ist, individuellere Leistungen anzubieten.<\/p><p class=\"p3\"><span class=\"s1\"><b>Dauer der Speicherung<\/b><\/span><br \/>Die Speicherung unserer Cookies erfolgt bis zur L\u00f6schung in Ihrem Browser oder, wenn es sich um einen Session-Cookie handelt, bis die Session abgelaufen ist.<\/p><p class=\"p5\"><span class=\"s1\"><b>Widerspruchs- und Beseitigungsm\u00f6glichkeit<\/b><\/span><br \/>Sie k\u00f6nnen Ihren Browser selbst nach Ihren W\u00fcnschen so einstellen, dass Sie das Setzen von Cookies generell verhindern, nur dar\u00fcber informiert werden, von Fall zu Fall \u00fcber die Annahme von Cookies entscheiden: oder die Annahme von Cookies grunds\u00e4tzlich akzeptieren. Cookies k\u00f6nnen zu unterschiedlichen Zwecken eingesetzt werden, z.B. um zu erkennen, dass Ihr PC schon einmal eine Verbindung zu unserem Webangebot hatte (dauerhafte Cookies) oder um zuletzt angesehene Angebote zu speichern (Sitzungs-Cookies). Wir setzen Cookies ein, um Ihnen einen gesteigerten Benutzerkomfort zu bieten. Um unsere Komfortfunktionen zu nutzen, empfehlen wir Ihnen, die Annahme von Cookies f\u00fcr unser Webangebot zu erlauben.<\/p><p class=\"p1\">Die Widerspruchs- und Beseitigungsm\u00f6glichkeiten richten sich im \u00dcbrigen nach den nachfolgend in dieser Datenschutzerkl\u00e4rung geschilderten generellen Regelungen zum datenschutzrechtlichen Widerspruchsrecht und L\u00f6schungsanspruch.<\/p><p class=\"p2\"><b>Widerruf von Einwilligungen \u2013 Datenausk\u00fcnfte und \u00c4nderungsw\u00fcnsche \u2013 L\u00f6schung &amp; Sperrung von Daten<\/b><\/p><p class=\"p3\">Ihre Daten werden von uns auf erstes Anfordern gel\u00f6scht, falls dem nicht gesetzliche Regelungen entgegenstehen. Sie k\u00f6nnen eine uns erteilte Erlaubnis, Ihre pers\u00f6nlichen Daten zu nutzen, also jederzeit widerrufen. Auskunfts-, L\u00f6schungs- und Berichtigungsw\u00fcnsche zu Ihren Daten und gerne auch Anregungen k\u00f6nnen Sie jederzeit an folgende Adresse senden:<\/p><p class=\"p3\">Kunststiftung Gem\u00fcnden und Freunde<br \/>Obentrautstra\u00dfe 3a<br \/>55218 Ingelheim<\/p><p class=\"p3\">Telefax: 06130 \u2013 9493283<\/p><p class=\"p6\"><span class=\"s2\">E-Mail: <a href=\"mailto:info@kunstimaltenweingut.de\"><span class=\"s3\">info@kunstimaltenweingut.de<\/span><\/a><\/span><\/p>\t\t\t\t\t\t\t\t<\/div>\n\t\t\t\t<\/div>\n\t\t\t\t\t<\/div>\n\t\t<\/div>\n\t\t\t\t\t<\/div>\n\t\t<\/section>\n\t\t\t\t\t<\/div>\n\t\t<\/div>\n\t\t\t\t\t<\/div>\n\t\t<\/section>\n\t\t\t\t<\/div>\n\t\t","protected":false},"excerpt":{"rendered":"<p>&hellip;<\/p>\n","protected":false},"author":2,"featured_media":0,"parent":0,"menu_order":0,"comment_status":"closed","ping_status":"closed","template":"","meta":{"_price":"","_stock":"","_tribe_ticket_header":"","_tribe_default_ticket_provider":"","_tribe_ticket_capacity":"0","_ticket_start_date":"","_ticket_end_date":"","_tribe_ticket_show_description":"","_tribe_ticket_show_not_going":false,"_tribe_ticket_use_global_stock":"","_tribe_ticket_global_stock_level":"","_global_stock_mode":"","_global_stock_cap":"","_tribe_rsvp_for_event":"","_tribe_ticket_going_count":"","_tribe_ticket_not_going_count":"","_tribe_tickets_list":"[]","_tribe_ticket_has_attendee_info_fields":false,"_FSMCFIC_featured_image_caption":"","_FSMCFIC_featured_image_nocaption":"","_FSMCFIC_featured_image_hide":"","footnotes":"","_tec_slr_enabled":"","_tec_slr_layout":""},"class_list":["post-1127","page","type-page","status-publish","hentry"],"jetpack_sharing_enabled":true,"ticketed":false,"_links":{"self":[{"href":"https:\/\/kunstimaltenweingut.de\/de\/wp-json\/wp\/v2\/pages\/1127","targetHints":{"allow":["GET"]}}],"collection":[{"href":"https:\/\/kunstimaltenweingut.de\/de\/wp-json\/wp\/v2\/pages"}],"about":[{"href":"https:\/\/kunstimaltenweingut.de\/de\/wp-json\/wp\/v2\/types\/page"}],"author":[{"embeddable":true,"href":"https:\/\/kunstimaltenweingut.de\/de\/wp-json\/wp\/v2\/users\/2"}],"replies":[{"embeddable":true,"href":"https:\/\/kunstimaltenweingut.de\/de\/wp-json\/wp\/v2\/comments?post=1127"}],"version-history":[{"count":0,"href":"https:\/\/kunstimaltenweingut.de\/de\/wp-json\/wp\/v2\/pages\/1127\/revisions"}],"wp:attachment":[{"href":"https:\/\/kunstimaltenweingut.de\/de\/wp-json\/wp\/v2\/media?parent=1127"}],"curies":[{"name":"wp","href":"https:\/\/api.w.org\/{rel}","templated":true}]}}