{"id":1121,"date":"2022-03-29T21:36:23","date_gmt":"2022-03-29T21:36:23","guid":{"rendered":"http:\/\/kunstimaltenweingut.de\/?page_id=1121"},"modified":"2025-02-06T09:30:05","modified_gmt":"2025-02-06T08:30:05","slug":"impressum","status":"publish","type":"page","link":"https:\/\/kunstimaltenweingut.de\/de\/impressum\/","title":{"rendered":"Impressum"},"content":{"rendered":"\t\t<div data-elementor-type=\"wp-page\" data-elementor-id=\"1121\" class=\"elementor elementor-1121\" data-elementor-post-type=\"page\">\n\t\t\t\t\t\t<section class=\"elementor-section elementor-top-section elementor-element elementor-element-7df29498 elementor-section-full_width elementor-section-stretched elementor-section-height-default elementor-section-height-default\" data-id=\"7df29498\" data-element_type=\"section\" data-e-type=\"section\" data-settings=\"{&quot;stretch_section&quot;:&quot;section-stretched&quot;}\">\n\t\t\t\t\t\t<div class=\"elementor-container elementor-column-gap-extended\">\n\t\t\t\t\t<div class=\"elementor-column elementor-col-100 elementor-top-column elementor-element elementor-element-50755096 sc_inner_width_none sc_content_align_inherit sc_layouts_column_icons_position_left\" data-id=\"50755096\" data-element_type=\"column\" data-e-type=\"column\" data-settings=\"{&quot;background_background&quot;:&quot;classic&quot;}\">\n\t\t\t<div class=\"elementor-widget-wrap elementor-element-populated\">\n\t\t\t\t\t\t<div class=\"elementor-element elementor-element-4105b9be animation_type_block sc_fly_static elementor-widget elementor-widget-spacer\" data-id=\"4105b9be\" data-element_type=\"widget\" data-e-type=\"widget\" data-widget_type=\"spacer.default\">\n\t\t\t\t<div class=\"elementor-widget-container\">\n\t\t\t\t\t\t\t<div class=\"elementor-spacer\">\n\t\t\t<div class=\"elementor-spacer-inner\"><\/div>\n\t\t<\/div>\n\t\t\t\t\t\t<\/div>\n\t\t\t\t<\/div>\n\t\t\t\t<div class=\"elementor-element elementor-element-72b85f9f animation_type_block sc_fly_static elementor-widget elementor-widget-spacer\" data-id=\"72b85f9f\" data-element_type=\"widget\" data-e-type=\"widget\" data-widget_type=\"spacer.default\">\n\t\t\t\t<div class=\"elementor-widget-container\">\n\t\t\t\t\t\t\t<div class=\"elementor-spacer\">\n\t\t\t<div class=\"elementor-spacer-inner\"><\/div>\n\t\t<\/div>\n\t\t\t\t\t\t<\/div>\n\t\t\t\t<\/div>\n\t\t\t\t\t<\/div>\n\t\t<\/div>\n\t\t\t\t\t<\/div>\n\t\t<\/section>\n\t\t\t\t<section class=\"elementor-section elementor-top-section elementor-element elementor-element-6e0c7228 elementor-section-boxed elementor-section-height-default elementor-section-height-default\" data-id=\"6e0c7228\" data-element_type=\"section\" data-e-type=\"section\">\n\t\t\t\t\t\t<div class=\"elementor-container elementor-column-gap-extended\">\n\t\t\t\t\t<div class=\"elementor-column elementor-col-100 elementor-top-column elementor-element elementor-element-407fb00 sc_inner_width_none sc_content_align_inherit sc_layouts_column_icons_position_left\" data-id=\"407fb00\" data-element_type=\"column\" data-e-type=\"column\">\n\t\t\t<div class=\"elementor-widget-wrap elementor-element-populated\">\n\t\t\t\t\t\t<div class=\"elementor-element elementor-element-31da1636 animation_type_block sc_fly_static elementor-widget elementor-widget-spacer\" data-id=\"31da1636\" data-element_type=\"widget\" data-e-type=\"widget\" data-widget_type=\"spacer.default\">\n\t\t\t\t<div class=\"elementor-widget-container\">\n\t\t\t\t\t\t\t<div class=\"elementor-spacer\">\n\t\t\t<div class=\"elementor-spacer-inner\"><\/div>\n\t\t<\/div>\n\t\t\t\t\t\t<\/div>\n\t\t\t\t<\/div>\n\t\t\t\t<div class=\"elementor-element elementor-element-7d23a38e animation_type_block sc_fly_static elementor-invisible elementor-widget elementor-widget-heading\" data-id=\"7d23a38e\" data-element_type=\"widget\" data-e-type=\"widget\" data-settings=\"{&quot;_animation&quot;:&quot;fadeInDown&quot;}\" data-widget_type=\"heading.default\">\n\t\t\t\t<div class=\"elementor-widget-container\">\n\t\t\t\t\t<h2 class=\"elementor-heading-title elementor-size-default\">Impressum<\/h2>\t\t\t\t<\/div>\n\t\t\t\t<\/div>\n\t\t\t\t<div class=\"elementor-element elementor-element-4f76a51c animation_type_block sc_fly_static elementor-widget elementor-widget-spacer\" data-id=\"4f76a51c\" data-element_type=\"widget\" data-e-type=\"widget\" data-widget_type=\"spacer.default\">\n\t\t\t\t<div class=\"elementor-widget-container\">\n\t\t\t\t\t\t\t<div class=\"elementor-spacer\">\n\t\t\t<div class=\"elementor-spacer-inner\"><\/div>\n\t\t<\/div>\n\t\t\t\t\t\t<\/div>\n\t\t\t\t<\/div>\n\t\t\t\t<div class=\"elementor-element elementor-element-7ea4839 animation_type_block sc_fly_static elementor-widget elementor-widget-text-editor\" data-id=\"7ea4839\" data-element_type=\"widget\" data-e-type=\"widget\" data-widget_type=\"text-editor.default\">\n\t\t\t\t<div class=\"elementor-widget-container\">\n\t\t\t\t\t\t\t\t\t<p><b>Angaben gem\u00e4\u00df \u00a7 5 TMG:<\/b><\/p><p>Kunststiftung Gem\u00fcnden und Freunde<br \/>Obentrautstra\u00dfe 3a, 55218 Ingelheim-Gro\u00dfwinternheim<\/p><p>Telefon: +49(0)6130 &#8211; 9493282<br \/>Telefax: +49(0)6130 \u2013 9493283<\/p><p>E-Mail: <a href=\"mailto:info@kunstimaltenweingut.de\">info@kunstimaltenweingut.de<\/a><\/p><p>Die Kunststiftung Gem\u00fcnden und Freunde ist eine rechtsf\u00e4hige \u00f6ffentliche Stiftung des b\u00fcrgerlichen Rechts.\u00a0<\/p><p>Verantwortlich f\u00fcr den Inhalt:<\/p><p>Kunststiftung Gem\u00fcnden und Freunde<br \/>Vertreten durch den Vorstand: Dirk Gem\u00fcnden<\/p><p><b>Quellenangaben f\u00fcr verwendete Bilder und Texte: <\/b><\/p><p><b><\/b><strong>Bilder: <\/strong>Architekturfotografien: Martina Pipprich \/ Kunstfotografien: Martin Joppich, lumenphoto\u00a0<\/p><p><strong>Texte:<\/strong> Blog\/Exponate: Cornelia H\u00fcbler M.A.<\/p><p><b>Konzeption, Gestaltung und technische Realisierung: <\/b><\/p><p>Objektiv media GmbH, Rheinstra\u00dfe 15a, 55283 Nierstein<\/p><p>Tel.: 06133 &#8211; 5785996\u00a0 Mail: <a href=\"mailto:kontakt@objektiv-media.de\">kontakt@objektiv-media.de<\/a>\u00a0<\/p><p>Filmproduktion:<\/p><p>Objektiv media GmbH, Rheinstra\u00dfe 15a, 55283 Nierstein,<\/p><p>Tel.: 06133 \u2013 5785996\u00a0 Mail: <a href=\"mailto:kontakt@objektiv-media.de\">kontakt@objektiv-media.de<\/a><\/p><p>Regie, Kamera, Schnitt, Text:<\/p><p>Robert Wiezorek, <a href=\"http:\/\/www.film-manufaktur.de\">www.film-manufaktur.de<\/a><\/p><p><b>Haftungsausschluss:<\/b><\/p><p><b>Haftung f\u00fcr Inhalte<br \/><\/b>Die Inhalte unserer Seiten wurden mit gr\u00f6\u00dfter Sorgfalt erstellt. F\u00fcr die Richtigkeit, Vollst\u00e4ndigkeit und Aktualit\u00e4t der Inhalte k\u00f6nnen wir jedoch keine Gew\u00e4hr \u00fcbernehmen. Als Diensteanbieter sind wir gem\u00e4\u00df \u00a7 7 Abs.1 TMG f\u00fcr eigene Inhalte auf diesen Seiten nach den allgemeinen Gesetzen verantwortlich. Nach \u00a7\u00a7 8 bis 10 TMG sind wir als Diensteanbieter jedoch nicht verpflichtet, \u00fcbermittelte oder gespeicherte fremde Informationen zu \u00fcberwachen oder nach Umst\u00e4nden zu forschen, die auf eine rechtswidrige T\u00e4tigkeit hinweisen. Verpflichtungen zur Entfernung oder Sperrung der Nutzung von Informationen nach den allgemeinen Gesetzen bleiben hiervon unber\u00fchrt. Eine diesbez\u00fcgliche Haftung ist jedoch erst ab dem Zeitpunkt der Kenntnis einer konkreten Rechtsverletzung m\u00f6glich. Bei Bekanntwerden von entsprechenden Rechtsverletzungen werden wir diese Inhalte umgehend entfernen.<\/p><p><b>Urheberrecht<br \/><\/b>Die durch die Seitenbetreiber erstellten Inhalte und Werke auf diesen Seiten unterliegen dem deutschen Urheberrecht. Die Vervielf\u00e4ltigung, Bearbeitung, Verbreitung und jede Art der Verwertung au\u00dferhalb der Grenzen des Urheberrechtes bed\u00fcrfen der schriftlichen Zustimmung des jeweiligen Autors bzw. Erstellers. Downloads und Kopien dieser Seite sind nur f\u00fcr den privaten, nicht kommerziellen Gebrauch gestattet. Soweit die Inhalte auf dieser Seite nicht vom Betreiber erstellt wurden, werden die Urheberrechte Dritter beachtet. Insbesondere werden Inhalte Dritter als solche gekennzeichnet. Sollten Sie trotzdem auf eine Urheberrechtsverletzung aufmerksam werden, bitten wir um einen entsprechenden Hinweis. Bei Bekanntwerden von Rechtsverletzungen werden wir derartige Inhalte umgehend entfernen.<\/p><p><b>Meldestelle f\u00fcr Hinweise nach dem HinSchG<\/b><\/p><p><span style=\"color: black; font-size: 12pt; letter-spacing: -0.1pt;\">Kanzlei Kutzner &amp; Kollegen GbR<\/span><\/p><p><span style=\"font-size: 12pt; color: black; letter-spacing: -0.1pt;\">Georg-R\u00fcckert-Stra\u00dfe 10<\/span><\/p><p><span style=\"font-size: 12pt; color: black; letter-spacing: -0.1pt;\">55218 Ingelheim an Rhein<\/span><\/p><p><span style=\"font-size: 12pt; color: black; letter-spacing: -0.1pt;\">Telefon: 06132-899780<\/span><\/p><p><span style=\"font-size: 12pt; color: black; letter-spacing: -0.1pt;\">Telefax: 06132-8997820<\/span><\/p><p><a style=\"font-family: inherit; font-size: 16px; background-color: #f7f6ec;\" href=\"mailto:hinweisgeber@kanzlei-kutzner.de\">hinweisgeber@kanzlei-kutzner.de<\/a><\/p>\t\t\t\t\t\t\t\t<\/div>\n\t\t\t\t<\/div>\n\t\t\t\t<div class=\"elementor-element elementor-element-3208def8 animation_type_block sc_fly_static elementor-widget elementor-widget-spacer\" data-id=\"3208def8\" data-element_type=\"widget\" data-e-type=\"widget\" data-widget_type=\"spacer.default\">\n\t\t\t\t<div class=\"elementor-widget-container\">\n\t\t\t\t\t\t\t<div class=\"elementor-spacer\">\n\t\t\t<div class=\"elementor-spacer-inner\"><\/div>\n\t\t<\/div>\n\t\t\t\t\t\t<\/div>\n\t\t\t\t<\/div>\n\t\t\t\t\t<\/div>\n\t\t<\/div>\n\t\t\t\t\t<\/div>\n\t\t<\/section>\n\t\t\t\t<\/div>\n\t\t","protected":false},"excerpt":{"rendered":"<p>&hellip;<\/p>\n","protected":false},"author":2,"featured_media":0,"parent":0,"menu_order":0,"comment_status":"closed","ping_status":"closed","template":"","meta":{"_price":"","_stock":"","_tribe_ticket_header":"","_tribe_default_ticket_provider":"","_tribe_ticket_capacity":"0","_ticket_start_date":"","_ticket_end_date":"","_tribe_ticket_show_description":"","_tribe_ticket_show_not_going":false,"_tribe_ticket_use_global_stock":"","_tribe_ticket_global_stock_level":"","_global_stock_mode":"","_global_stock_cap":"","_tribe_rsvp_for_event":"","_tribe_ticket_going_count":"","_tribe_ticket_not_going_count":"","_tribe_tickets_list":"[]","_tribe_ticket_has_attendee_info_fields":false,"_FSMCFIC_featured_image_caption":"","_FSMCFIC_featured_image_nocaption":"","_FSMCFIC_featured_image_hide":"","footnotes":"","_tec_slr_enabled":"","_tec_slr_layout":""},"class_list":["post-1121","page","type-page","status-publish","hentry"],"jetpack_sharing_enabled":true,"ticketed":false,"_links":{"self":[{"href":"https:\/\/kunstimaltenweingut.de\/de\/wp-json\/wp\/v2\/pages\/1121","targetHints":{"allow":["GET"]}}],"collection":[{"href":"https:\/\/kunstimaltenweingut.de\/de\/wp-json\/wp\/v2\/pages"}],"about":[{"href":"https:\/\/kunstimaltenweingut.de\/de\/wp-json\/wp\/v2\/types\/page"}],"author":[{"embeddable":true,"href":"https:\/\/kunstimaltenweingut.de\/de\/wp-json\/wp\/v2\/users\/2"}],"replies":[{"embeddable":true,"href":"https:\/\/kunstimaltenweingut.de\/de\/wp-json\/wp\/v2\/comments?post=1121"}],"version-history":[{"count":0,"href":"https:\/\/kunstimaltenweingut.de\/de\/wp-json\/wp\/v2\/pages\/1121\/revisions"}],"wp:attachment":[{"href":"https:\/\/kunstimaltenweingut.de\/de\/wp-json\/wp\/v2\/media?parent=1121"}],"curies":[{"name":"wp","href":"https:\/\/api.w.org\/{rel}","templated":true}]}}